{"id":6,"date":"2017-03-16T14:50:06","date_gmt":"2017-03-16T14:50:06","guid":{"rendered":"https:\/\/gallidercluj.ro\/2014-2020\/?page_id=6"},"modified":"2017-03-16T14:50:06","modified_gmt":"2017-03-16T14:50:06","slug":"m16b-dezvoltarea-teritoriala","status":"publish","type":"page","link":"https:\/\/gallidercluj.ro\/2014-2020\/masuri\/m16b-dezvoltarea-teritoriala\/","title":{"rendered":"M1\/6B &#8211; Dezvoltarea teritorial\u0103, administrativ\u0103 \u0219i comunitar\u0103"},"content":{"rendered":"<p>Tipul m\u0103surii:<\/p>\n<p>\u2612 Investi\u021bii<\/p>\n<p>\u2610 Servicii<\/p>\n<p>\u2610 Forfetar<\/p>\n<ol>\n<li><strong> Descrierea general\u0103 a m\u0103surii:<\/strong><\/li>\n<\/ol>\n<p><strong>Justificare:<\/strong><\/p>\n<ul>\n<li>dificult\u0103\u021bi \u00een actualizarea planurilor urbanistice generale;<\/li>\n<li>dificult\u0103\u021bi \u00een elaborarea planurilor parcelare;<\/li>\n<li>teritoriul de\u021bine arii protejate, din care unele f\u0103r\u0103 custozi sau planuri de management;<\/li>\n<li>teritoriul de\u021bine p\u0103\u0219uni cu \u00eenalt\u0103 valoare natural\u0103, din care majoritatea f\u0103r\u0103 amenajamente pastorale;<\/li>\n<li>teritoriul ofer\u0103 oportunit\u0103\u021bi limitate de desfacere a produselor locale;<\/li>\n<li>teritoriul este slab bran\u0219at la sistemul de alimentare cu ap\u0103;<\/li>\n<li>teritoriul este foarte slab racordat la sistemul de canalizare;<\/li>\n<li>capacitate redus\u0103 furnizare servicii publice.<\/li>\n<\/ul>\n<p>Contribu\u021bie:<\/p>\n<p>Priorit\u0103\u021bi locale (conform analizei diagnostic \u0219i analizei SWOT)<\/p>\n<ul>\n<li>combaterea s\u0103r\u0103ciei rurale \u015fi \u00a0diminuarea exodului rural<\/li>\n<\/ul>\n<p>Obiective locale (conform analizei diagnostic \u0219i analizei SWOT)<\/p>\n<ul>\n<li>planificarea teritorial\u0103, amenajarea teritorial\u0103 \u0219i dezvoltare urbanistic\u0103;<\/li>\n<li>\u00eembun\u0103t\u0103\u021birea managementului ariilor protejate;<\/li>\n<li>\u00eembun\u0103t\u0103\u021birea managementului p\u0103\u0219unilor cu \u00eenalt\u0103 valoare natural\u0103;<\/li>\n<li>\u00eembun\u0103t\u0103\u021birea infrastructurii de desfacere a produselor locale;<\/li>\n<li>\u00eembun\u0103t\u0103\u0163irea infrastructurii de ap\u0103\/ap\u0103 uzat\u0103;<\/li>\n<li>\u00eembun\u0103t\u0103\u021birea capacit\u0103\u021bii de furnizare de servicii publice.<\/li>\n<\/ul>\n<p>Obiective de dezvoltare rural\u0103 (conform reg ue 1305\/2013, art 4)<\/p>\n<ul>\n<li>ob\u021binerea unei dezvolt\u0103ri teritoriale echilibrate a economiilor \u0219i comunit\u0103\u021bilor rurale, inclusiv crearea \u0219i men\u021binerea de locuri de munc\u0103<\/li>\n<\/ul>\n<p>Priorit\u0103\u021bi de dezvoltare rural\u0103 (conform reg ue 1305\/2013, art 5)<\/p>\n<ul>\n<li>promovarea incluziunii sociale, a reducerii s\u0103r\u0103ciei \u0219i a dezvolt\u0103rii economice \u00een zonele rurale<\/li>\n<\/ul>\n<p>Domenii de interven\u021bie (reg ue 1305\/2013, art 5)<\/p>\n<ul>\n<li>\u00eencurajarea dezvolt\u0103rii locale \u00een zonele rurale<\/li>\n<\/ul>\n<p>Obiective (conform reg ue 1305\/2013, titlu III, art 20, alin 1)<\/p>\n<ul>\n<li>elaborarea \u0219i actualizarea planurilor de dezvoltare a municipalit\u0103\u021bilor \u0219i a satelor \u00een zonele rurale \u0219i a serviciilor de baz\u0103 oferite de acestea, precum \u0219i ale planurilor de protec\u021bie \u0219i de gestionare legate de zonele Natura 2000 \u0219i de alte zone cu \u00eenalt\u0103 valoare natural;<\/li>\n<li>investi\u021bii \u00een crearea, \u00eembun\u0103t\u0103\u021birea \u0219i extinderea tuturor tipurilor de infrastructuri la scar\u0103 mic\u0103, inclusiv investi\u021bii \u00een domeniul energiei din surse regenerabile \u0219i al economisirii energiei.<\/li>\n<\/ul>\n<p>Obiective transversale (conform reg ue 1305\/2013, art 5)<\/p>\n<ul>\n<li>mediu \u015fi clim\u0103<\/li>\n<li>inovare<\/li>\n<\/ul>\n<p>Complementaritate cu alte m\u0103suri din SDL:<\/p>\n<p>Nu este cazul<\/p>\n<p>Sinergie cu alte m\u0103suri din SDL:<\/p>\n<ul>\n<li>M2\/6B cre\u0219terea accesibilit\u0103\u021bii \u0219i calit\u0103\u021bii serviciilor de educa\u021bie \u0219i s\u0103n\u0103tate;<\/li>\n<li>M3\/6B \u00eenfiin\u021barea serviciilor sociale \u0219i integrarea minorit\u0103\u021bilor locale;<\/li>\n<li>M8\/6A non-agricol;<\/li>\n<li>M9\/6B conservarea \u015fi valorificarea patrimoniului cultural \u0219i natural.<\/li>\n<\/ul>\n<ol start=\"2\">\n<li><strong> Valoarea ad\u0103ugat\u0103 a m\u0103surii<\/strong><\/li>\n<\/ol>\n<p>Valoarea ad\u0103ugat\u0103 este dat\u0103 de direc\u021bionarea beneficiarilor prin criterii de selec\u021bie locale care vizeaz\u0103 at\u00e2t identificarea de solu\u021bii inovatoare (vezi proiectele cu abord\u0103ri sau elemente inovatoare) la probleme locale (vezi comunit\u0103\u021bi mici care nu pot accesa alte surse de finan\u021bare) c\u00e2t \u0219i limitarea impactului factorilor antropici asupra mediului (vezi proiectele prietenoase cu mediul). Mai mult, m\u0103sura are impact transversal prin implica\u021biile \u0219i ramifica\u021biile intersectoriale (vezi obiective precum planificarea teritorial\u0103, amenajarea teritorial\u0103 \u0219i dezvoltarea urbanistic\u0103; \u00eembun\u0103t\u0103\u021birea infrastructurii de desfacere a produselor locale; \u00eembun\u0103t\u0103\u021birea capacit\u0103\u021bii de furnizare de servicii publice) \u0219i impact transversal prin implica\u021biile \u0219i ramifica\u021biile intrasectoriale (prin obiective precum \u00eembun\u0103t\u0103\u021birea managementului ariilor protejate; \u00eembun\u0103t\u0103\u021birea managementului p\u0103\u0219unilor cu \u00eenalt\u0103 valoare natural\u0103).<\/p>\n<ol start=\"3\">\n<li><strong> Trimiteri la alte acte legislative<\/strong><\/li>\n<\/ol>\n<ul>\n<li>indiferent de tipul de proiect: Reg. (UE) Nr. 1303\/2013; Reg. (UE) Nr. 1305\/2013; Reg. (UE) Nr. 1407\/2014; Hot\u0103r\u00e2rea 226\/2015<\/li>\n<li>pentru proiecte pe cadastrare: Legea Nr. 7\/1996; Ordonan\u021ba Nr.64\/2010; Legea Nr. 133\/2012; Ordinul Nr. 634\/2006; Hot\u0103r\u00e2rea Nr. 28\/2008; Legea Nr. 350\/2001; Ordonan\u021ba Nr. 7\/2011; Legea Nr. 190\/2013; Ordinul Nr. 634\/2006; Ordinul Nr. 134\/2009; Ordinul Nr. 415\/2009; Ordinul Nr. 528\/2010; Ordinul Nr. 785\/2011; Ordinul Nr. 1\/2014; Ordinul Nr. 700\/2014<\/li>\n<\/ul>\n<ol start=\"4\">\n<li><strong> Beneficiari<\/strong><\/li>\n<\/ol>\n<p>Direc\u021bi<\/p>\n<ul>\n<li>societate civil\u0103: ONG-uri<\/li>\n<li>entit\u0103\u021bi publice: comunele \u0219i asocia\u021biile acestora conform legisla\u021biei na\u021bionale \u00een vigoare<\/li>\n<\/ul>\n<p>Indirec\u021bi<\/p>\n<ul>\n<li>popula\u021bia general\u0103, prin impactul opera\u021biunilor asupra furniz\u0103rii de servicii publice<\/li>\n<li>fermierii, prin impactul opera\u021biunilor asupra fragment\u0103rii terenurilor, asupra gestion\u0103rii p\u0103\u0219unilor \u0219i asupra oportunit\u0103\u021bilor de desfacere a produselor<\/li>\n<li>custozi, prin impactul opera\u021biunilor asupra gestion\u0103rii ariilor protejate<\/li>\n<li>\u00eentreprinz\u0103tori, prin impactul opera\u021biunilor asupra capacit\u0103\u021bii furniz\u0103rii serviciilor de baz\u0103<\/li>\n<\/ul>\n<ol start=\"5\">\n<li><strong> Tip de sprijin<\/strong><\/li>\n<\/ol>\n<ul>\n<li>rambursarea costurilor eligibile suportate \u0219i pl\u0103tite efectiv;<\/li>\n<li>pl\u0103\u021bi \u00een avans, cu condi\u021bia constituirii unei garan\u021bii bancare sau a unei garan\u021bii echivalente corespunz\u0103toare procentului de 100% din valoarea avansului, \u00een conformitate cu art. 45 (4) \u0219i art. 63 ale Reg. (UE) Nr. 1305\/2013, numai \u00een cazul proiectelor de investi\u021bii.<\/li>\n<\/ul>\n<ol start=\"6\">\n<li><strong> Tipuri de ac\u021biuni<\/strong><\/li>\n<\/ol>\n<p>Eligibile<\/p>\n<ul>\n<li>elaborare planuri urbanistice generale;<\/li>\n<li>elaborare planuri parcelare, cadastrare, \u00eent\u0103bulare blocuri fizice\/tarlale \u015fi propriet\u0103\u0163i publice;<\/li>\n<li>elaborare documenta\u021bie ob\u021binere custodie arii protejate;<\/li>\n<li>elaborare planuri management arii protejate;<\/li>\n<li>elaborare amenajamente pastorale;<\/li>\n<li>investi\u021bii \u00een pie\u021be agroalimentare fixe sau volante;<\/li>\n<li>investi\u021bii \u00een infrastructura de ap\u0103;<\/li>\n<li>investi\u021bii \u00een infrastructura de ap\u0103 uzat\u0103;<\/li>\n<li>achizi\u021bionare utilaje \u0219i echipamente pentru servicii publice.<\/li>\n<\/ul>\n<p>Neeligibile<\/p>\n<ul>\n<li>lista investi\u0163iilor \u015fi costurilor neeligibile indicate la cap. 8.1 din PNDR aferente LEADER, completate cu prevederile HG 226\/2015<\/li>\n<\/ul>\n<ol start=\"7\">\n<li><strong> Condi\u021bii de eligibilitate<\/strong><\/li>\n<\/ol>\n<ul>\n<li>solicitantul trebuie s\u0103 se \u00eencadreze \u00een categoria beneficiarilor eligibili;<\/li>\n<li>investi\u021bia trebuie s\u0103 se realizeze pe teritoriul acoperit de GAL;<\/li>\n<li>investi\u021bia \u00een infrastructura de ap\u0103 \/ ap\u0103 uzat\u0103 trebuie s\u0103 fie focusat\u0103 pe implementarea de solu\u021bii alternative bran\u0219\u0103rii la sistemul de alimentare cu ap\u0103, respectiv implementarea de solu\u021bii alternative racord\u0103rii la sistemul de canalizare;<\/li>\n<li>investi\u021bia \u00een infrastructura de ap\u0103 \/ ap\u0103 uzat\u0103 trebuie s\u0103 fie amplasat\u0103 \u00een localit\u0103\u021bi cu aglomer\u0103ri umane de sub 2.000 de locuitori echivalen\u021bi;<\/li>\n<li>investi\u021bia trebuie s\u0103 fie \u00een conformitate cu planurile de dezvoltare ale comunelor sau s\u0103 fie coerente cu orice strategie de dezvoltare local\u0103 relevant\u0103.<\/li>\n<\/ul>\n<ol start=\"8\">\n<li><strong> Criterii de selec\u021bie<\/strong><\/li>\n<\/ol>\n<ul>\n<li>principiul selec\u021biei proiectelor care integreaz\u0103 aspecte legate de mediu \u015fi clim\u0103 (ex: politici de urbanism ce contribuie la conservarea biodiversit\u0103\u0163ii, utilaje care \u00eendeplinesc criteriile de eco-eficien\u021b\u0103, etc.);<\/li>\n<li>principiul selec\u021biei proiectelor care promoveaz\u0103 inovare sau transfer de noi procese sau tehnologii (ex: g\u0103sirea de solu\u021bii alternative pentru bran\u0219area la sistemul de alimentare cu ap\u0103 \u0219i pentru racordarea la sistemul de canalizare, etc.);<\/li>\n<li>se va acorda prioritate proiectelor care vizeaz\u0103 comunit\u0103\u021bi segregate sau cu risc crescut de s\u0103r\u0103cie.<\/li>\n<\/ul>\n<ol start=\"9\">\n<li><strong> Sume (aplicabile) \u0219i rata sprijinului<\/strong><\/li>\n<\/ol>\n<p>Valoare sprijin<\/p>\n<ul>\n<li>maxim 200.000 euro \u00een limita aloc\u0103rii financiare totale a m\u0103surii<\/li>\n<\/ul>\n<p>Intensitate sprijin<\/p>\n<ul>\n<li>p\u00e2n\u0103 la 100% pentru proiecte negeneratoare de venit<\/li>\n<li>p\u00e2n\u0103 la 100% pentru proiecte generatoare de venit dar de utilitate public\u0103<\/li>\n<li>p\u00e2n\u0103 la 90% pentru proiecte generatoare de venit<\/li>\n<\/ul>\n<p>Justificare<\/p>\n<ul>\n<li>de\u0219i opera\u021biunile pot fi asimilate reg 1305\/2013, art 20, alin 1, lit a \u015fi lit b, nu sunt trasate limite maxime admise \u00een reg 1305\/2013, anexa II<\/li>\n<li>se vor aplica regulile de ajutor de minimis \u00een vigoare (conform reg 1407\/2013)<\/li>\n<\/ul>\n<ol start=\"10\">\n<li><strong> Indicatori de monitorizare<\/strong><\/li>\n<\/ol>\n<p>Indicatori obligatorii (indiferent de tipul proiectului)<\/p>\n<ul>\n<li>cheltuial\u0103 public\u0103 total\u0103: 370.746 euro<\/li>\n<li>popula\u021bie net\u0103 care beneficiaz\u0103 de servicii sau infrastructuri \u00eembun\u0103t\u0103\u021bite: 3000<\/li>\n<\/ul>\n<p>Indicatori locali (\u00een func\u021bie de tipul proiectului)<\/p>\n<ul>\n<li>num\u0103r de locuri de munc\u0103 create: 4<\/li>\n<\/ul>\n","protected":false},"excerpt":{"rendered":"<p>Tipul m\u0103surii: \u2612 Investi\u021bii \u2610 Servicii \u2610 Forfetar Descrierea general\u0103 a m\u0103surii: Justificare: dificult\u0103\u021bi \u00een actualizarea planurilor urbanistice generale; dificult\u0103\u021bi \u00een elaborarea planurilor parcelare; teritoriul de\u021bine arii protejate, din care unele f\u0103r\u0103 custozi sau planuri de management; teritoriul de\u021bine p\u0103\u0219uni cu \u00eenalt\u0103 valoare natural\u0103, din care majoritatea f\u0103r\u0103 amenajamente pastorale; teritoriul ofer\u0103 oportunit\u0103\u021bi limitate de&#8230;<\/p>\n","protected":false},"author":1,"featured_media":0,"parent":13961,"menu_order":0,"comment_status":"closed","ping_status":"closed","template":"","meta":{"footnotes":""},"class_list":["post-6","page","type-page","status-publish","hentry"],"_links":{"self":[{"href":"https:\/\/gallidercluj.ro\/2014-2020\/wp-json\/wp\/v2\/pages\/6"}],"collection":[{"href":"https:\/\/gallidercluj.ro\/2014-2020\/wp-json\/wp\/v2\/pages"}],"about":[{"href":"https:\/\/gallidercluj.ro\/2014-2020\/wp-json\/wp\/v2\/types\/page"}],"author":[{"embeddable":true,"href":"https:\/\/gallidercluj.ro\/2014-2020\/wp-json\/wp\/v2\/users\/1"}],"replies":[{"embeddable":true,"href":"https:\/\/gallidercluj.ro\/2014-2020\/wp-json\/wp\/v2\/comments?post=6"}],"version-history":[{"count":0,"href":"https:\/\/gallidercluj.ro\/2014-2020\/wp-json\/wp\/v2\/pages\/6\/revisions"}],"up":[{"embeddable":true,"href":"https:\/\/gallidercluj.ro\/2014-2020\/wp-json\/wp\/v2\/pages\/13961"}],"wp:attachment":[{"href":"https:\/\/gallidercluj.ro\/2014-2020\/wp-json\/wp\/v2\/media?parent=6"}],"curies":[{"name":"wp","href":"https:\/\/api.w.org\/{rel}","templated":true}]}}