{"id":28,"date":"2017-03-16T17:08:17","date_gmt":"2017-03-16T17:08:17","guid":{"rendered":"https:\/\/gallidercluj.ro\/2014-2020\/?page_id=28"},"modified":"2017-03-16T17:08:17","modified_gmt":"2017-03-16T17:08:17","slug":"patrimoniu","status":"publish","type":"page","link":"https:\/\/gallidercluj.ro\/2014-2020\/masuri\/patrimoniu\/","title":{"rendered":"M9\/6B &#8211; Conservarea \u0219i valorificarea patrimoniului cultural \u0219i natural"},"content":{"rendered":"<p>Tipul m\u0103surii:<\/p>\n<p>\u2612 Investi\u021bii<\/p>\n<p>\u2612 Servicii<\/p>\n<p>\u2610 Forfetar<\/p>\n<ol>\n<li><strong> Descrierea general\u0103 a m\u0103surii:<\/strong><\/li>\n<\/ol>\n<p>Justificare:<\/p>\n<p>Patrimoniu Cultural<\/p>\n<ul>\n<li>de\u021binem 97 elemente de patrimoniu material, dar a c\u0103ror conservare \u0219i valorificare las\u0103 de dorit<\/li>\n<li>de\u021binem 10 elemente de patrimoniu imaterial, dar a c\u0103ror conservare \u0219i valorificare las\u0103 de dorit<\/li>\n<li>organiz\u0103m 12 festivaluri \u0219i evenimente, dar a c\u0103ror promovare \u0219i valorificare las\u0103 de dorit<\/li>\n<li>de\u021binem 3 comunit\u0103\u021bi compacte \u00een care s-au conservat me\u0219te\u0219ugurile, dar a c\u0103ror activitate este alterat\u0103 de presiunile intermediarilor \u0219i comercian\u021bilor<\/li>\n<li>majoritatea obiectivelor culturale nu pot fi integrate \u00een circuite turistice, din cauza st\u0103rii avansate de degradare<\/li>\n<\/ul>\n<p>Patrimoniu Natural<\/p>\n<ul>\n<li>prezen\u021ba a 22 arii naturale protejate, ce ad\u0103postesc 52 specii flor\u0103 protejate \u0219i 89 specii faun\u0103 protejate, dar a c\u0103ror biodiversitate este amenin\u021bat\u0103 de absen\u021ba custozilor, absen\u021ba planurilor de management, absen\u021ba ini\u021biativelor de protejare a biodiversit\u0103\u021bii, lipsa practic\u0103rii unui management forestier durabil, lipsa practic\u0103rii unei agriculturi durabile, lipsa practic\u0103rii unui turism durabil<\/li>\n<li>majoritatea obiectivelor naturale nu pot fi integrate \u00een circuite turistice, din cauza st\u0103rii avansate de poluare vizual\u0103<\/li>\n<li>managementul de\u0219eurilor ridic\u0103 probleme majore<\/li>\n<li>managementul c\u00e2inilor comunitari ridic\u0103 probleme majore<\/li>\n<\/ul>\n<p>Contribu\u021bie:<\/p>\n<p>Priorit\u0103\u021bi locale (conform analizei diagnostice \u0219i analizei SWOT)<\/p>\n<ul>\n<li>conservarea \u0219i valorificarea patrimoniului rural<\/li>\n<\/ul>\n<p>Obiective locale (conform analizei diagnostice \u0219i analizei SWOT)<\/p>\n<ul>\n<li>revitalizarea me\u0219te\u0219ugurilor<\/li>\n<li>revitalizarea obiceiurilor \u0219i tradi\u021biilor<\/li>\n<li>conservarea tradi\u021bionalit\u0103\u021bii \u0219i autenticit\u0103\u0163ii<\/li>\n<li>formarea identit\u0103\u021bii locale<\/li>\n<li>realizarea coeziunii sociale<\/li>\n<li>cre\u0219terea atractivit\u0103\u021bii teritoriului din punct de vedere touristic<\/li>\n<li>conservarea biodiversit\u0103\u021bii, ecosistemelor \u0219i habitatelor<\/li>\n<li>protejarea \u0219i valorificarea durabil\u0103 a resurselor naturale cu valen\u021be turistice<\/li>\n<\/ul>\n<p>concentrare mare de resurse turistice<\/p>\n<p>Contribu\u021bie:<\/p>\n<p>Priorit\u0103\u021bi locale (conform analizei diagnostice \u0219i analizei SWOT)<\/p>\n<ul>\n<li>conservarea \u0219i valorificarea patrimoniului rural<\/li>\n<\/ul>\n<p>Obiective locale (conform analizei diagnostice \u0219i analizei SWOT)<\/p>\n<ul>\n<li>adresarea sezonalit\u0103\u021bii accentuate;<\/li>\n<li>diversificarea ofertelor turistice;<\/li>\n<li>promovarea m\u0103rcilor turistice;<\/li>\n<li>dezvoltarea turismului de ni\u0219\u0103;<\/li>\n<li>asigurarea siguran\u021bei turi\u0219tilor;<\/li>\n<li>reabilitarea obiectivelor naturale sau antropice cu poten\u021bial turistic;<\/li>\n<li>stimularea cooper\u0103rii \u0219i asocierii operatorilor \u00een turism \u0219i furnizorilor de servicii;<\/li>\n<li>revitalizarea me\u0219te\u0219ugurilor;<\/li>\n<li>revitalizarea obiceiurilor \u0219i tradi\u021biilor;<\/li>\n<li>conservarea tradi\u021bionalit\u0103\u021bii \u0219i autenticit\u0103\u0163ii;<\/li>\n<li>formarea identit\u0103\u021bii locale;<\/li>\n<li>realizarea coeziunii sociale;<\/li>\n<li>cre\u0219terea atractivit\u0103\u021bii teritoriului din punct de vedere touristic;<\/li>\n<li>conservarea biodiversit\u0103\u021bii, ecosistemelor \u0219i habitatelor;<\/li>\n<li>protejarea \u0219i valorificarea durabil\u0103 a resurselor naturale cu valen\u021be turistice.<\/li>\n<\/ul>\n<p>Obiective de dezvoltare rural\u0103 (conform reg ue 1305\/2013, art 4)<\/p>\n<ul>\n<li>ob\u021binerea unei dezvolt\u0103ri teritoriale echilibrate a economiilor \u0219i comunit\u0103\u021bilor rurale, inclusiv crearea \u0219i men\u021binerea de locuri de munc\u0103<\/li>\n<\/ul>\n<p>Priorit\u0103\u021bi de dezvoltare rural\u0103 (conform reg ue 1305\/2013, art 5)<\/p>\n<ul>\n<li>promovarea incluziunii sociale, a reducerii s\u0103r\u0103ciei \u0219i a dezvolt\u0103rii de \u00eentreprinderi mici, precum \u0219i crearea de locuri de munc\u0103<\/li>\n<\/ul>\n<p>Domenii de interven\u021bie (reg ue 1305\/2013, art 5)<\/p>\n<ul>\n<li>\u00eencurajarea dezvolt\u0103rii locale \u00een zonele rurale<\/li>\n<\/ul>\n<p>Obiective (conform reg ue 1305\/2013, titlu III, art 20, alin 1)<\/p>\n<ul>\n<li>investi\u021bii \u00een crearea , \u00eembun\u0103t\u0103\u021birea sau extinderea serviciilor locale de baz\u0103 destinate popula\u021biei rurale, inclusive a celor de agreement \u0219i culturale, \u0219i a infrastructurii aferente<\/li>\n<li>investi\u021bii de uz public \u00een infrastructura de agreement, \u00een informarea turi\u0219tilor \u0219i \u00een infrastructura turistic\u0103 la scar\u0103 mic\u0103<\/li>\n<li>studii \u0219i investi\u021bii asociate cu \u00eentre\u021binerea, refacerea \u0219i modernizarea patrimoniului cultural \u0219i natural al satelor, al peisajelor rurale \u0219i al siturilor de \u00eenalt\u0103 valoare natural\u0103, inclusiv cu aspectele socioeconomice conexe, precum \u0219i ac\u021biuni de sensibilizare ecologic\u0103<\/li>\n<\/ul>\n<p>Obiective transversale (conform reg ue 1305\/2013, art 5)<\/p>\n<ul>\n<li>mediu \u015fi clim\u0103<\/li>\n<li>inovare<\/li>\n<\/ul>\n<p>Complementaritate cu alte m\u0103suri din SDL:<\/p>\n<p>&#8211; nu este cazul<\/p>\n<p>Sinergie cu alte m\u0103suri din SDL:<\/p>\n<ul>\n<li>M1\/6B dezvoltarea teritorial\u0103, administrativ\u0103 \u0219i comunitar\u0103;<\/li>\n<li>M2\/6B cre\u0219terea accesibilit\u0103\u021bii \u0219i calit\u0103\u021bii serviciilor de educa\u021bie \u0219i s\u0103n\u0103tate;<\/li>\n<li>M3\/6B \u00eenfiin\u021barea serviciilor sociale \u0219i integrarea minorit\u0103\u021bilor locale;<\/li>\n<li>M8\/6A non-agricol.<\/li>\n<\/ul>\n<ol start=\"2\">\n<li><strong> Valoarea ad\u0103ugat\u0103 a m\u0103surii<\/strong><\/li>\n<\/ol>\n<ul>\n<li>Conservarea patrimoniului cultural \u0219i natural contribuie la formarea identit\u0103\u021bii locale \u0219i cre\u0219terea coeziunii sociale. Valorificarea patrimoniului cultural \u0219i natural are implica\u021bii majore pentru sectorul turism, care la r\u00e2ndul lui are ramifica\u021bii ample pentru toate sectoarele economice, at\u00e2t cele de natur\u0103 agricol\u0103 c\u00e2t \u0219i cele de natur\u0103 non-agricol\u0103.<\/li>\n<\/ul>\n<ol start=\"3\">\n<li><strong> Trimiteri la alte acte legislative<\/strong><\/li>\n<\/ol>\n<ul>\n<li>indiferent de tipul de proiect: Reg. (UE) Nr. 1303\/2013; Reg. (UE) Nr. 1305\/2013; Reg. (UE) Nr. 1407\/2014; Hot\u0103r\u00e2rea 226\/2015<\/li>\n<\/ul>\n<p>Patrimoniu Cultural<\/p>\n<ul>\n<li>pentru proiecte pe patrimoniu imaterial: lege 410\/2005, ordin 2436\/2008, lege 26\/2008, ordin 2491\/2009<\/li>\n<li>pentru proiecte pe patrimoniu material imobil: ordin 2071\/2000, ordonan\u021b\u0103 43\/2000, lege 258\/2006, ordin 2392\/2004, ordin 2426\/2005, ordin 2103\/2007, lege 422\/2001, lege 468\/2003, lege 259\/2006, ordin 2684\/2003, hot\u0103r\u00e2re 493\/2004, ordin 2237\/2004, ordin 2260\/2008, ordin 2504\/2008<\/li>\n<li>pentru proiecte pe patrimoniu material mobil: ordin 2035\/2000, hot\u0103r\u00e2re 886\/2008, lege 311\/2003, ordin 2297\/2006, ordin 2057\/2007, ordin 2185\/2007<\/li>\n<li>pentru proiecte pe conservare \u0219i restaurare: hot\u0103r\u00e2re 1430\/2003, hot\u0103r\u00e2re 216\/2004<\/li>\n<li>pentru proiecte pe me\u0219te\u0219ugari \u0219i artizani: legea me\u0219te\u0219ugarilor, orin 169\/2013<\/li>\n<\/ul>\n<p>Patrimoniu Natural<\/p>\n<ul>\n<li>pentru proiecte pe management de\u0219euri menajere: lege 101\/2006, ordin 82\/2015<\/li>\n<li>pentru proiecte pe management c\u00e2ini comunitari: ordonan\u021b\u0103 155\/2001, lege 258\/2013<\/li>\n<\/ul>\n<ol start=\"4\">\n<li><strong> Beneficiari<\/strong><\/li>\n<\/ol>\n<p>Direc\u021bi<\/p>\n<ul>\n<li>societate civil\u0103<\/li>\n<li>entit\u0103\u021bi publice<\/li>\n<\/ul>\n<p>Indirec\u021bi<\/p>\n<ul>\n<li>popula\u021bia general\u0103, prin impactul indirect asupra form\u0103rii identit\u0103\u021bii locale, realiz\u0103rii coeziunii sociale \u0219i calit\u0103\u021bii vie\u021bii<\/li>\n<li>reprezentan\u021bii sectorului turism, prin impactul indirect asupra atractivit\u0103\u021bii teritoriului din punct de vedere turistic<\/li>\n<\/ul>\n<ol start=\"5\">\n<li><strong> Tip de sprijin<\/strong><\/li>\n<\/ol>\n<ul>\n<li>rambursarea costurilor eligibile suportate \u0219i pl\u0103tite efectiv;<\/li>\n<li>pl\u0103\u021bi \u00een avans, cu condi\u021bia constituirii unei garan\u021bii bancare sau a unei garan\u021bii echivalente corespunz\u0103toare procentului de 100 % din valoarea avansului, \u00een conformitate cu art. 45 (4) \u0219i art. 63 ale reg. (ue) Nr. 1305\/2013, numai \u00een cazul proiectelor de investi\u021bii.<\/li>\n<\/ul>\n<ol start=\"6\">\n<li><strong> Tipuri de ac\u021biuni<\/strong><\/li>\n<\/ol>\n<p>Eligibile<\/p>\n<p>Patrimoniu Cultural<\/p>\n<ul>\n<li>conservare, consolidare, reabilitare, restaurare patrimoniu material imobil \u015fi\/sau mobil;<\/li>\n<li>\u00eenfiin\u0163are, modernizare, reabilitare, amenajare si dotare: muzeu s\u0103tesc, muzeu viu, muzeu eco, atelier me\u0219te\u0219ug\u0103resc hibrid \u0219i demonstrativ, punct desfacere produse artizanale;<\/li>\n<li>investi\u021bii \u00een marcare monumente istorice;<\/li>\n<li>repertoriere \u0219i inventariere elemente de patrimoniu cultural material mobil \u0219i imobil, patrimoniu cultural Imaterial;<\/li>\n<li>studii: repertoriere \u0219i inventariere elemente de peisaj rural; identificare produse \u015fi servicii care pot beneficia de marca produs traditional; identificare personalit\u0103\u021bi care pot primi titlul de Tezaur Uman Viu; identificare elemente de patrimoniu inexistente \u0219i elemente de patrimoniu neclasate; digitizare resurse de patrimoniu material \u015fi\/sau immaterial, \u00een ini\u021biative de management a c\u00e2inilor comunitari.<\/li>\n<\/ul>\n<p>Patrimoniu Natural<\/p>\n<ul>\n<li>amenajare, restaurare, marcare \u0219i valorificare obiective turistice;<\/li>\n<li>investi\u021bii: monitorizarea mediului, monitorizarea braconajului, monitorizarea exploat\u0103rii ilicite, delimitarea ariilor protejate, ecologizarea siturilor contaminate (brownfield), managementul de\u0219eurilor menajere, organizarea patrule forestiere;<\/li>\n<li>studii: elaborare determinatoare flor\u0103 (catalog specii locale), elaborare determinatoare faun\u0103 (catalog specii locale), inventariere situri contaminate (brownfield);<\/li>\n<li>implementare planuri management arii protejate;<\/li>\n<li>sensibilizare ecologic\u0103;<\/li>\n<li>amenajare, omologare, marcare \u0219i valorificare trasee turistice;<\/li>\n<li>amenajare, restaurare, marcare \u0219i valorificare obiective turistice.<\/li>\n<\/ul>\n<p>Neeligibile<\/p>\n<ul>\n<li>lista investi\u0163iilor \u015fi costurilor neeligibile indicate la cap. 8.1 din PNDR aferente LEADER, completate cu prevederile HG 226\/2015<\/li>\n<li>infrastructura la scar\u0103 mare<\/li>\n<\/ul>\n<ol start=\"7\">\n<li><strong> Condi\u021bii de eligibilitate<\/strong><\/li>\n<\/ol>\n<ul>\n<li>solicitantul trebuie s\u0103 se \u00eencadreze \u00een categoria beneficiarilor eligibili;<\/li>\n<li>investi\u021bia trebuie s\u0103 se realizeze pe teritoriul acoperit de GAL;<\/li>\n<li>restaurarea obiectivelor clasate A, clasate B, sau neclasate dar aflate pe lista obiectivelor locale \u00eentocmit\u0103 de UAT \u0219i asumat\u0103 prin HCL;<\/li>\n<li>pentru proiecte ce presupun construire\/modernizare\/reabilitare\/amenajare, asigurarea accesibilit\u0103\u021bii persoanelor cu dizabilit\u0103\u021bi;<\/li>\n<li>respectarea tradi\u021bionalit\u0103\u021bii \u0219i autenticit\u0103\u0163ii \u00een toate demersurile \u00eentreprinse;<\/li>\n<li>respectarea normelor impuse de clasificarea zonei: zon\u0103 HNV, arie Natura 2000;<\/li>\n<li>pentru proiectele care vizeaz\u0103 obiective de patrimoniu, solicitantul trebuie s\u0103 aib\u0103 drept de proprietate \/ administrare \/ utilizare pentru obiectivul de patrimoniul pentru care se solicit\u0103 finan\u021bare.<\/li>\n<\/ul>\n<ol start=\"8\">\n<li><strong> Criterii de selec\u021bie<\/strong><\/li>\n<\/ol>\n<p>Opera\u021biuni<\/p>\n<ul>\n<li>principiul teritoriului (impactarea a multiple UAT de pe teritoriul GAL);<\/li>\n<li>principiul prioritiz\u0103rii investi\u021biilor \u00een func\u0163ie de clasificarea patrimoniului;<\/li>\n<li>principiul necesit\u0103\u0163ii interven\u0163iei \u00een func\u0163ie de starea de degradare a patrimoniului;<\/li>\n<li>principiul selec\u021biei proiectelor care integreaz\u0103 aspecte legate de mediu \u015fi clim\u0103;<\/li>\n<li>principiul selec\u021biei proiectelor care promoveaz\u0103 inovare sau transfer de noi procese sau tehnologii;<\/li>\n<li>principiul egalit\u0103\u0163ii de \u0219anse (pentru proiectele generatoare de venit, ocuparea locurilor de munc\u0103 generate de minim o persoan\u0103 apar\u021bin\u00e2nd unui grup vulnerabil).<\/li>\n<\/ul>\n<p>Beneficiari<\/p>\n<p>Direc\u021bi<\/p>\n<ul>\n<li>societate civil\u0103<\/li>\n<li>entit\u0103\u021bi publice<\/li>\n<\/ul>\n<p>Indirec\u021bi<\/p>\n<ul>\n<li>popula\u021bia general\u0103, prin impactul indirect asupra form\u0103rii identit\u0103\u021bii locale, realiz\u0103rii coeziunii sociale \u0219i calit\u0103\u021bii vie\u021bii<\/li>\n<li>reprezentan\u021bii sectorului turism, prin impactul indirect asupra atractivit\u0103\u021bii teritoriului din punct de vedere turistic<\/li>\n<\/ul>\n<ol start=\"9\">\n<li><strong> Sume (aplicabile) \u0219i rata sprijinului<\/strong><\/li>\n<\/ol>\n<p>Valoare sprijin<\/p>\n<ul>\n<li>max 60.000 euro \u00een limita aloc\u0103rii financiare totale a m\u0103surii<\/li>\n<\/ul>\n<p>Intensitate sprijin<\/p>\n<ul>\n<li>100% pentru proiecte negeneratoare de venit<\/li>\n<li>100% pentru proiecte generatoare de venit dar de utilitate public\u0103<\/li>\n<li>90% pentru proiecte generatoare de venit<\/li>\n<\/ul>\n<p>Justificare<\/p>\n<ul>\n<li>de\u0219i opera\u021biunile pot fi asimilate reg 1305\/2013, art 19, alin 1, lit d, e, f, nu sunt trasate limite maxime admise \u00een reg 1305\/2013, anexa II<\/li>\n<li>se vor aplica regulile de ajutor de minimis \u00een vigoare (conform reg 1407\/2013)<\/li>\n<\/ul>\n<ol start=\"10\">\n<li><strong> Indicatori de monitorizare<\/strong><\/li>\n<\/ol>\n<p>Indicatori obligatorii (indiferent de tipul proiectului)<\/p>\n<ul>\n<li>cheltuial\u0103 public\u0103 total\u0103: 40.000 euro<\/li>\n<li>popula\u021bie net\u0103 care beneficiaz\u0103 de servicii\/infrastructuri \u00eembun\u0103t\u0103\u021bite: 75<\/li>\n<\/ul>\n<p>Indicatori locali (func\u021bie de tipul proiectului)<\/p>\n<p>num\u0103r locuri de munc\u0103 create: 1<\/p>\n","protected":false},"excerpt":{"rendered":"<p>Tipul m\u0103surii: \u2612 Investi\u021bii \u2612 Servicii \u2610 Forfetar Descrierea general\u0103 a m\u0103surii: Justificare: Patrimoniu Cultural de\u021binem 97 elemente de patrimoniu material, dar a c\u0103ror conservare \u0219i valorificare las\u0103 de dorit de\u021binem 10 elemente de patrimoniu imaterial, dar a c\u0103ror conservare \u0219i valorificare las\u0103 de dorit organiz\u0103m 12 festivaluri \u0219i evenimente, dar a c\u0103ror promovare \u0219i&#8230;<\/p>\n","protected":false},"author":1,"featured_media":0,"parent":13961,"menu_order":0,"comment_status":"closed","ping_status":"closed","template":"","meta":{"footnotes":""},"class_list":["post-28","page","type-page","status-publish","hentry"],"_links":{"self":[{"href":"https:\/\/gallidercluj.ro\/2014-2020\/wp-json\/wp\/v2\/pages\/28"}],"collection":[{"href":"https:\/\/gallidercluj.ro\/2014-2020\/wp-json\/wp\/v2\/pages"}],"about":[{"href":"https:\/\/gallidercluj.ro\/2014-2020\/wp-json\/wp\/v2\/types\/page"}],"author":[{"embeddable":true,"href":"https:\/\/gallidercluj.ro\/2014-2020\/wp-json\/wp\/v2\/users\/1"}],"replies":[{"embeddable":true,"href":"https:\/\/gallidercluj.ro\/2014-2020\/wp-json\/wp\/v2\/comments?post=28"}],"version-history":[{"count":0,"href":"https:\/\/gallidercluj.ro\/2014-2020\/wp-json\/wp\/v2\/pages\/28\/revisions"}],"up":[{"embeddable":true,"href":"https:\/\/gallidercluj.ro\/2014-2020\/wp-json\/wp\/v2\/pages\/13961"}],"wp:attachment":[{"href":"https:\/\/gallidercluj.ro\/2014-2020\/wp-json\/wp\/v2\/media?parent=28"}],"curies":[{"name":"wp","href":"https:\/\/api.w.org\/{rel}","templated":true}]}}