{"id":26,"date":"2017-03-16T17:05:47","date_gmt":"2017-03-16T17:05:47","guid":{"rendered":"https:\/\/gallidercluj.ro\/2014-2020\/?page_id=26"},"modified":"2017-03-16T17:05:47","modified_gmt":"2017-03-16T17:05:47","slug":"m86a-non-agricol","status":"publish","type":"page","link":"https:\/\/gallidercluj.ro\/2014-2020\/masuri\/m86a-non-agricol\/","title":{"rendered":"M8\/6A &#8211; Non-Agricol"},"content":{"rendered":"<p>Tipul m\u0103surii:<\/p>\n<p>\u2610 Investi\u021bii<\/p>\n<p>\u2610 Servicii<\/p>\n<p>\u2612 Forfetar<\/p>\n<ol>\n<li><strong> Descrierea general\u0103 a m\u0103surii:<\/strong><\/li>\n<\/ol>\n<p>Justificare:<\/p>\n<ul>\n<li>sectoarele non-agricole dominante sunt reprezentate de exploatarea forestier\u0103 \u0219i flora spontan\u0103<\/li>\n<li>num\u0103r mare de gospod\u0103rii individuale \u0219i de societ\u0103\u021bi agricole, dar a c\u0103ror viabilitate este sc\u0103zut\u0103, inclusiv datorit\u0103 faptului c\u0103 nu se proceseaz\u0103 nici un subprodus: piele bovine (ex \u00een articole \u00eenc\u0103l\u021b\u0103minte), l\u00e2n\u0103 ovine (ex \u00een articole \u00eembr\u0103c\u0103minte), pene p\u0103s\u0103ri (ex \u00een mas\u0103 plastic\u0103)<\/li>\n<li>pe lan\u021bul valoric exploatare forestier\u0103, verigile absente din segmentul de procesare \u0219i comercializare sunt reprezentate de prelucrare primar\u0103, prelucrare secundar\u0103, valorificare de\u0219euri, branding, marketing<\/li>\n<li>pe lan\u021bul valoric flor\u0103 spontan\u0103, verigile problematice din segmentul de procesare \u0219i comercializare sunt reprezentate de colectare, r\u0103cire, procesare primar\u0103<\/li>\n<li>pe lan\u021bul valoric flor\u0103 spontan\u0103, verigile absente din segmentul de procesare \u0219i comercializare sunt reprezentate de procesare secundar\u0103, depozitare, ambalare, etichetare, branding, marketing<\/li>\n<li>poten\u021bial mare de dezvoltare turistic\u0103<\/li>\n<li>num\u0103r redus de turi\u0219ti<\/li>\n<li>num\u0103r redus de \u00eennopt\u0103ri<\/li>\n<li>sezonalitate accentuat\u0103<\/li>\n<li>fluctua\u021bie mare<\/li>\n<li>capacitate de agrement redus\u0103<\/li>\n<li>lipsa infrastructurii corespunz\u0103toare \u0219i lipsa dot\u0103rii corespunz\u0103toare a cabinetelor de medicin\u0103 de familie \u0219i a cabinetelor veterinare se reflect\u0103 asupra calit\u0103\u021bii serviciilor medicale \u0219i a serviciilor veterinare<\/li>\n<\/ul>\n<p>Contribu\u021bie:<\/p>\n<p>Priorit\u0103\u021bi locale (conform analizei diagnostice \u0219i analizei SWOT)<\/p>\n<ul>\n<li>stimularea dezvolt\u0103rii economice \u015fi \u00a0cre\u0219terea competitivit\u0103\u021bii rurale<\/li>\n<\/ul>\n<p>Obiective locale (conform analizei diagnostice \u0219i analizei SWOT)<\/p>\n<ul>\n<li>valorificarea poten\u021bialului reprezentat de fondul forestier, de flora spontan\u0103 \u0219i de turism<\/li>\n<li>profesionalizarea serviciilor medicale \u0219i serviciilor veterinare furnizate<\/li>\n<\/ul>\n<p>Obiective de dezvoltare rural\u0103 (conform reg ue 1305\/2013, art 4)<\/p>\n<ul>\n<li>ob\u021binerea unei dezvolt\u0103ri teritoriale echilibrate a economiilor \u0219i comunit\u0103\u021bilor rurale, inclusiv crearea \u0219i men\u021binerea de locuri de munc\u0103<\/li>\n<\/ul>\n<p>Priorit\u0103\u021bi de dezvoltare rural\u0103 (conform reg ue 1305\/2013, art 5)<\/p>\n<ul>\n<li>promovarea incluziunii sociale, a reducerii s\u0103r\u0103ciei \u0219i a dezvolt\u0103rii de \u00eentreprinderi mici, precum \u0219i crearea de locuri de munc\u0103<\/li>\n<\/ul>\n<p>Domenii de interven\u021bie (reg ue 1305\/2013, art 5)<\/p>\n<ul>\n<li>facilitarea diversific\u0103rii, a \u00eenfiin\u021b\u0103rii \u0219i a dezvolt\u0103rii de \u00eentreprinderi mici, precum \u0219i crearea de locuri de munc\u0103<\/li>\n<\/ul>\n<p>Obiective (conform reg ue 1305\/2013, titlu III, art 19, alin 1)<\/p>\n<ul>\n<li>activit\u0103\u021bi neagricole \u00een zone rurale<\/li>\n<\/ul>\n<p>Obiective transversale (conform reg ue 1305\/2013, art 5)<\/p>\n<ul>\n<li>mediu \u015fi clim\u0103<\/li>\n<li>inovare<\/li>\n<\/ul>\n<p>Complementaritate cu alte m\u0103suri din SDL:<\/p>\n<ul>\n<li>beneficiarii indirec\u021bi ai M4 se num\u0103r\u0103 printre beneficiarii direc\u021bi ai acestei m\u0103suri (ex: forestierii care beneficiaz\u0103 de informa\u021bii cu privire la tehnologiile eco-eficiente de prelucrare a lemnului post s\u0103 acceseze ulterior fonduri pe dotarea de ateliere de prelucrare)<\/li>\n<li>beneficiarii indirec\u021bi ai M9 se num\u0103r\u0103 printre beneficiarii direc\u021bi ai acestei m\u0103suri (ex: restaurarea unor elemente de patrimoniu cultural va conduce la cre\u0219terea num\u0103rului de turi\u0219ti, de care vor beneficia structurile de agrement \u0219i structurile de alimenta\u021bie)<\/li>\n<\/ul>\n<p>Sinergie cu alte m\u0103suri din SDL:<\/p>\n<ul>\n<li>M1\/6B dezvoltarea teritorial\u0103, administrativ\u0103 \u0219i comunitar\u0103<\/li>\n<li>M2\/6B cre\u0219terea accesibilit\u0103\u021bii \u0219i calit\u0103\u021bii serviciilor de educa\u021bie \u0219i s\u0103n\u0103tate<\/li>\n<li>M3\/6B \u00eenfiin\u021barea serviciilor sociale \u0219i integrarea minorit\u0103\u021bilor locale<\/li>\n<li>M9\/6B conservarea \u0219i valorificarea patrimoniului cultural \u0219i natural<\/li>\n<\/ul>\n<ol start=\"2\">\n<li><strong> Valoarea ad\u0103ugat\u0103 a m\u0103surii<\/strong><\/li>\n<\/ol>\n<ul>\n<li>Teritoriul abund\u0103 \u00een resurse lemnoase \u0219i \u00een flor\u0103 spontan\u0103, a c\u0103ror valorificare ar contribui la cre\u0219terea afluen\u021bei teritoriului. Teritoriul abund\u0103 \u00een resurse turistice, a c\u0103ror valorificare ar impacta toate celelalte sectoare specifice teritoriului;<\/li>\n<li>Modernizarea, renovarea \u0219i dotarea cabinetelor medicale \u0219i cabinetelor veterinare ar contribui la cre\u0219terea atractivit\u0103\u021bii mediului rural pentru viitoare genera\u021bii de medici.<\/li>\n<\/ul>\n<ol start=\"3\">\n<li><strong> Trimiteri la alte acte legislative<\/strong><\/li>\n<\/ol>\n<ul>\n<li>indiferent de tipul de proiect: Reg. (UE) Nr. 1303\/2013; Reg. (UE) Nr. 1305\/2013; Reg. (UE) Nr. 1407\/2014; Hot\u0103r\u00e2rea Nr. 226\/2015<\/li>\n<\/ul>\n<p>Turism<\/p>\n<ul>\n<li>pentru proiecte pe pachete turistice: Ordonan\u021ba Nr. 107\/1999, Hot\u0103r\u00e2rea Nr. 511\/31\/2001, Ordinul Nr. 516\/2005<\/li>\n<li>pentru proiecte pe activit\u0103\u021bi de agrement la munte: Hot\u0103r\u00e2rea Nr. 77\/2003<\/li>\n<li>pentru proiecte pe activit\u0103\u021bi de agrement \u00een sta\u021biuni: Hot\u0103r\u00e2rea Nr. 511\/2001, Hot\u0103r\u00e2rea Nr. 852\/2008<\/li>\n<li>pentru proiecte pe p\u00e2rtii \u0219i trasee de schi: Ordinul Nr. 491\/2001, Hot\u0103r\u00e2rea Nr. 263\/2011, Hot\u0103r\u00e2rea Nr. 5\/2004<\/li>\n<li>pentru proiecte pe pescuit sportiv: Ordinul Nr. 159\/1266\/2011<\/li>\n<li>pentru respectarea principiului durabilit\u0103\u021bii turismului: Legea Nr. 72\/2014<\/li>\n<\/ul>\n<ol start=\"4\">\n<li><strong> Beneficiari<\/strong><\/li>\n<\/ol>\n<p>Direc\u021bi<\/p>\n<p>fermieri sau membrii unei gospodarii agricole, care \u00ee\u0219i diversific\u0103 activitatea prin \u00eenfiin\u021barea unei activit\u0103\u021bi non-agricole \u00een spa\u021biul rural pentru prima dat\u0103<\/p>\n<p>persoanele fizice neautorizate nu sunt eligibile<\/p>\n<ul>\n<li>micro\u00eentreprinderi \u0219i \u00eentreprinderi mici<\/li>\n<\/ul>\n<p>Indirec\u021bi<\/p>\n<ul>\n<li>cresc\u0103torii de animale<\/li>\n<li>cultivatorii de vegetale<\/li>\n<li>de\u021bin\u0103torii de fond forestier<\/li>\n<\/ul>\n<ol start=\"5\">\n<li><strong> Tip de sprijin<\/strong><\/li>\n<\/ol>\n<ul>\n<li>sprijin forfetar (conform reg 1305\/2013, art 67, alin 1, lit c)<\/li>\n<\/ul>\n<ol start=\"6\">\n<li><strong> Tipuri de ac\u021biuni<\/strong><\/li>\n<\/ol>\n<p>Eligibile \u00een concordan\u0163\u0103 cu priorit\u0103\u0163ile strategiei:<\/p>\n<p>Activit\u0103\u021bi productive (procesare l\u00e2n\u0103, piele, cadavre animale \u015fi de\u015feuri animale, flor\u0103 spontan\u0103, prelucrare lemn, produc\u021bie biomas\u0103 solid\u0103, produc\u021bie biomas\u0103 lichid\u0103, produc\u021bie biomas\u0103 gazoas\u0103, etc.)<\/p>\n<p>Activit\u0103\u0163i turistice (structuri alimenta\u021bie, activit\u0103\u021bi agrement, etc.)<\/p>\n<p>Servicii screening, medicin\u0103 de familie, medicin\u0103 veterinar\u0103 etc.)<\/p>\n<p>Neeligibile<\/p>\n<ul>\n<li>lista investi\u0163iilor \u015fi costurilor neeligibile indicate la cap. 8.1 din PNDR aferente LEADER, completate cu prevederile HG 226\/2015<\/li>\n<li>prelucrarea, comercializarea \u0219i\/sau dezvoltarea produselor agricole care fac obiectul anexei I la tratat<\/li>\n<li>activit\u0103\u021bi de agrement: echipamente de agreement autopropulsate \u00een arii naturale protejate<\/li>\n<li>activit\u0103\u021bi de agrement: v\u00e2nat sportiv de mamifere mari<\/li>\n<\/ul>\n<ol start=\"7\">\n<li><strong> Condi\u021bii de eligibilitate<\/strong><\/li>\n<\/ol>\n<ul>\n<li>solicitantul trebuie s\u0103 se \u00eencadreze \u00een categoria beneficiarilor eligibili<\/li>\n<li>investi\u021bia trebuie s\u0103 se realizeze pe teritoriul acoperit de GAL<\/li>\n<li>sprijinul se acord\u0103 pe baza unui plan de afaceri.<\/li>\n<\/ul>\n<ol start=\"8\">\n<li><strong> Criterii de selec\u021bie<\/strong><\/li>\n<\/ol>\n<ul>\n<li>principiul selec\u021biei proiectelor de ni\u0219\u0103: turism montan, ecoturism, agroturism, turism \u00een extrasezon, proiecte focusate pe exploratori<\/li>\n<li>principiul selec\u021biei proiectelor care integreaz\u0103 aspecte legate de mediu \u015fi clim\u0103<\/li>\n<li>principiul selec\u021biei proiectelor care promoveaz\u0103 inovare sau transfer de noi procese sau tehnologii<\/li>\n<li>se puncteaz\u0103 suplimentar solicitan\u021bii care au beneficiat de instruire\/informare \u00een cadrul M4\/1A<\/li>\n<li>se puncteaz\u0103 suplimentar proiectele al c\u0103ror beneficiar are sub 40 de ani<\/li>\n<li>se puncteaz\u0103 suplimentar solicitan\u021bii care au format o structur\u0103 asociativ\u0103 \u00een cadrul M5\/3A<\/li>\n<li>se puncteaza suplimentar solicitan\u0163ii care implementeaz\u0103 proiectul intro comun\u0103 pe raza c\u0103reia s-a realizat un proiect pe masura M9\/6B.<\/li>\n<\/ul>\n<ol start=\"9\">\n<li><strong> Sume (aplicabile) \u0219i rata sprijinului<\/strong><\/li>\n<\/ol>\n<p>Valoare sprijin<\/p>\n<ul>\n<li>maxim 70.000 euro \u00een limita aloc\u0103rii financiare totale a m\u0103surii, din care<\/li>\n<li>prima tran\u0219\u0103 \u00een valoare de 75% din total<\/li>\n<li>a doua tran\u0219\u0103 \u00een valoare de 25% din total, dup\u0103 realizarea planului de afaceri<\/li>\n<\/ul>\n<p>Intensitate sprijin<\/p>\n<ul>\n<li>100% nerambursabil<\/li>\n<\/ul>\n<p>Justificare<\/p>\n<ul>\n<li>opera\u021biunile de ameliorare a nivelului global de performan\u021b\u0103 \u0219i durabilitate al exploata\u021biilor agricole pot fi asimilate reg 1305\/2013, art 19, alin 1, lit a (ii) \u0219i lit b, motiv pentru care se respect\u0103 limitele maxime admise \u00een reg 1305\/2013, anexa II<\/li>\n<li>se vor aplica regulile de ajutor de minimis \u00een vigoare (conform reg 1407\/2013)<\/li>\n<\/ul>\n<ol start=\"10\">\n<li><strong> Indicatori de monitorizare<\/strong><\/li>\n<\/ol>\n<p>Indicatori obligatorii (indiferent de tipul proiectului)<\/p>\n<ul>\n<li>cheltuial\u0103 public\u0103 total\u0103: 70.000 euro<\/li>\n<\/ul>\n<p>locuri de munc\u0103 create: 1<\/p>\n","protected":false},"excerpt":{"rendered":"<p>Tipul m\u0103surii: \u2610 Investi\u021bii \u2610 Servicii \u2612 Forfetar Descrierea general\u0103 a m\u0103surii: Justificare: sectoarele non-agricole dominante sunt reprezentate de exploatarea forestier\u0103 \u0219i flora spontan\u0103 num\u0103r mare de gospod\u0103rii individuale \u0219i de societ\u0103\u021bi agricole, dar a c\u0103ror viabilitate este sc\u0103zut\u0103, inclusiv datorit\u0103 faptului c\u0103 nu se proceseaz\u0103 nici un subprodus: piele bovine (ex \u00een articole \u00eenc\u0103l\u021b\u0103minte),&#8230;<\/p>\n","protected":false},"author":1,"featured_media":0,"parent":13961,"menu_order":0,"comment_status":"closed","ping_status":"closed","template":"","meta":{"footnotes":""},"class_list":["post-26","page","type-page","status-publish","hentry"],"_links":{"self":[{"href":"https:\/\/gallidercluj.ro\/2014-2020\/wp-json\/wp\/v2\/pages\/26"}],"collection":[{"href":"https:\/\/gallidercluj.ro\/2014-2020\/wp-json\/wp\/v2\/pages"}],"about":[{"href":"https:\/\/gallidercluj.ro\/2014-2020\/wp-json\/wp\/v2\/types\/page"}],"author":[{"embeddable":true,"href":"https:\/\/gallidercluj.ro\/2014-2020\/wp-json\/wp\/v2\/users\/1"}],"replies":[{"embeddable":true,"href":"https:\/\/gallidercluj.ro\/2014-2020\/wp-json\/wp\/v2\/comments?post=26"}],"version-history":[{"count":0,"href":"https:\/\/gallidercluj.ro\/2014-2020\/wp-json\/wp\/v2\/pages\/26\/revisions"}],"up":[{"embeddable":true,"href":"https:\/\/gallidercluj.ro\/2014-2020\/wp-json\/wp\/v2\/pages\/13961"}],"wp:attachment":[{"href":"https:\/\/gallidercluj.ro\/2014-2020\/wp-json\/wp\/v2\/media?parent=26"}],"curies":[{"name":"wp","href":"https:\/\/api.w.org\/{rel}","templated":true}]}}