{"id":22,"date":"2017-03-16T17:02:52","date_gmt":"2017-03-16T17:02:52","guid":{"rendered":"https:\/\/gallidercluj.ro\/2014-2020\/?page_id=22"},"modified":"2017-03-16T17:02:52","modified_gmt":"2017-03-16T17:02:52","slug":"m73a-procesare-si-comercializare","status":"publish","type":"page","link":"https:\/\/gallidercluj.ro\/2014-2020\/masuri\/m73a-procesare-si-comercializare\/","title":{"rendered":"M7\/3A &#8211; Procesare \u0219i comercializare"},"content":{"rendered":"<p>Tipul m\u0103surii:<\/p>\n<p>\u2612 Investi\u021bii<\/p>\n<p>\u2610 \u00a0Servicii<\/p>\n<p>\u2610 \u00a0Forfetar<\/p>\n<ol>\n<li><strong> Descrierea general\u0103 a m\u0103surii:<\/strong><\/li>\n<\/ol>\n<p>Justificare:<\/p>\n<p>Produse de Origine Animal\u0103<\/p>\n<ul>\n<li>sectorul dominant pe raza teritoriului este reprezentat de cre\u0219terea animalelor<\/li>\n<li>suprafe\u021be extinse de paji\u0219ti cu \u00eenalt\u0103 valoare natural\u0103, dar a c\u0103ror poten\u021bial nu este exploatat din perspectiva certific\u0103rii eco<\/li>\n<li>pe lan\u021bul valoric aferent filierei laptelui, verigile problematice din segmentul de procesare \u0219i comercializare sunt reprezentate de r\u0103cire lapte, colectare lapte, procesare primar\u0103, v\u00e2nzare direct\u0103, v\u00e2nzare en detail, avizare produse<\/li>\n<li>pe lan\u021bul valoric aferent filierei laptelui, verigile absente din segmentul de procesare \u0219i comercializare sunt reprezentate de depozitare lapte, procesare secundar\u0103, ambalare, etichetare, branding, marketing, v\u00e2nzare en gros, certificare produse, certificare procese<\/li>\n<li>pe lan\u021bul valoric aferent filierei c\u0103rnii, verigile problematice din segmentul de procesare \u0219i comercializare sunt reprezentate de sacrificare animale<\/li>\n<li>pe lan\u021bul valoric aferent filierei c\u0103rnii, verigile absente din segmentul de procesare \u0219i comercializare sunt reprezentate de procesare primar\u0103, procesare secundar\u0103, r\u0103cire, colectare, ambalare, etichetare, depozitare, branding, marketing, v\u00e2nzare direct\u0103, v\u00e2nzare en detail, v\u00e2nzare en gros, avizare produse, certificare produse, certificare procese<\/li>\n<\/ul>\n<p>Produse de Origine Non-Animal\u0103<\/p>\n<ul>\n<li>sectorul secundar dar complementar pe raza teritoriului este reprezentat de cultivarea vegetalelor<\/li>\n<li>pe lan\u021bul valoric cultivare vegetale, verigile problematice din segmentul de procesare \u0219i comercializare sunt reprezentate de procesare primar\u0103<\/li>\n<li>pe lan\u021bul valoric cultivare vegetale, verigile absente din segmentul de procesare \u0219i comercializare sunt reprezentate de r\u0103cire, depozitare, procesare secundar\u0103, ambalare, etichetare, branding, marketing, avizare, certificare, v\u00e2nzare direct\u0103, v\u00e2nzare en detail, v\u00e2nzare en gros<\/li>\n<\/ul>\n<p>Contribu\u021bie:<\/p>\n<p>Priorit\u0103\u021bi locale (conform analizei diagnostice \u0219i analizei swot)<\/p>\n<ul>\n<li>stimularea dezvolt\u0103rii economice \u015fi \u00a0cre\u0219terea competitivit\u0103\u021bii rurale<\/li>\n<\/ul>\n<p>Obiective locale (conform analizei diagnostice \u0219i analizei swot)<\/p>\n<ul>\n<li>cre\u0219terea valorii ad\u0103ugate a produselor de origine animal\u0103 \u0219i non-animal\u0103<\/li>\n<li>diversificarea produselor secundare de origine animal\u0103 \u0219i non-animal\u0103<\/li>\n<li>promovarea produselor de origine animal\u0103 \u0219i non-animal\u0103<\/li>\n<li>comercializarea produselor de origine animal\u0103 \u0219i non-animal\u0103<\/li>\n<li>eliminarea intermediarilor dintre produc\u0103tori \u0219i procesatori<\/li>\n<li>practicarea unei economii care s\u0103 favorizeze biodiversitatea \u0219i s\u0103 conserve mediul<\/li>\n<\/ul>\n<p>Obiective de dezvoltare rural\u0103 (conform reg ue 1305\/2013, art 4)<\/p>\n<ul>\n<li>favorizarea competitivit\u0103\u021bii agriculturii<\/li>\n<\/ul>\n<p>Priorit\u0103\u021bi de dezvoltare rural\u0103 (conform reg ue 1305\/2013, art 5)<\/p>\n<ul>\n<li>promovarea organiz\u0103rii lan\u021bului alimentar, inclusiv procesarea \u0219i comercializarea produselor agricole, a bun\u0103st\u0103rii animalelor \u0219i a gestion\u0103rii riscurilor \u00een agricultur\u0103<\/li>\n<\/ul>\n<p>Domenii de interven\u021bie (reg ue 1305\/2013, art 5)<\/p>\n<ul>\n<li>\u00eembun\u0103t\u0103\u021birea competitivit\u0103\u021bii produc\u0103torilor primary printr-o mai bun\u0103 integrare a acestora \u00een lan\u021bul agroalimentar<\/li>\n<\/ul>\n<p>Obiective (conform reg ue 1305\/2013, titlu iii, art 17, alin 1)<\/p>\n<ul>\n<li>prelucrarea, comercializarea \u0219i\/sau dezvoltarea produselor agricole care fac obiectul anexei I la tratat sau ale bumbacului, cu excep\u021bia produselor pesc\u0103re\u0219ti<\/li>\n<\/ul>\n<p>Obiective transversale (conform reg ue 1305\/2013, art 5)<\/p>\n<ul>\n<li>mediu \u015fi clim\u0103<\/li>\n<li>inovare<\/li>\n<\/ul>\n<p>Complementaritate cu alte m\u0103suri din SDL:<\/p>\n<ul>\n<li>beneficiarii indirec\u021bi ai M4 se num\u0103r\u0103 printre beneficiarii direc\u021bi ai acestei m\u0103suri (ex: fermierii care beneficiaz\u0103 de informa\u021bii cu privire la tehnologiile eco-eficiente de procesare a c\u0103rnii pot s\u0103 acceseze ulterior fonduri pe dotarea de unit\u0103\u021bi de procesare)<\/li>\n<\/ul>\n<p>Sinergie cu alte m\u0103suri din SDL:<\/p>\n<ul>\n<li>M5\/3A stimularea asocierilor \u00een sectorul agricol \u0219i forestier<\/li>\n<\/ul>\n<ol start=\"2\">\n<li><strong> Valoarea ad\u0103ugat\u0103 a m\u0103surii<\/strong><\/li>\n<\/ol>\n<ul>\n<li>Competitivitatea pe segmentul procesare, fie c\u0103 vorbim de produse agricole de origine animal\u0103 sau non-animal\u0103, este compromis\u0103 dac\u0103 lan\u021bul valoric con\u021bine verigi problematice. \u00cen acest sens, adresarea acestor verigi problematice va propulsa sectorul agricol \u0219i alimentar de pe raza teritoriului.<\/li>\n<\/ul>\n<ol start=\"3\">\n<li><strong> Trimiteri la alte acte legislative<\/strong><\/li>\n<\/ol>\n<ul>\n<li>indiferent de tipul de proiect: Reg. (UE) Nr. 1303\/2013; Reg. (UE) Nr. 1305\/2013; Reg. (UE) Nr. 1407\/2014; Hot\u0103r\u00e2rea 226\/2015<\/li>\n<li>pentru proiecte focusate pe cre\u0219terea valorii ad\u0103ugate \u00een vederea desfacerii produselor de origine animal\u0103: regulament ce 1099\/2009, ordin 74\/2009, ordin 180\/2006, ordin 202\/2006, lege 321\/2009, ordin 57\/2010, ordin 111\/2008, regulament ce 834\/2007, regulament ce 853\/2004, regulament ce 3\/2008, regulament ce 889\/2008<\/li>\n<li>proiecte focusate pe flor\u0103 spontan\u0103: lege 491\/2003, lege 30\/2006, ordin 410\/2008<\/li>\n<li>proiecte focusate pe fond forestier: lege 289\/2002, lege 46\/2008, lege 76\/2013, lege 133\/2015<\/li>\n<\/ul>\n<ol start=\"4\">\n<li><strong> Beneficiari<\/strong><\/li>\n<\/ol>\n<p>Direc\u021bi<\/p>\n<ul>\n<li>fermieri, \u00eentreprinderi, cooperative \u0219i grupuri de produc\u0103tori<\/li>\n<\/ul>\n<p>Indirec\u021bi<\/p>\n<ul>\n<li>reprezentan\u021bi ai sectorului turism, prin accesibilizarea de produse secundare locale pentru unit\u0103\u021bi de cazare \u0219i structuri de alimenta\u021bie<\/li>\n<\/ul>\n<ol start=\"5\">\n<li><strong> Tip de sprijin<\/strong><\/li>\n<\/ol>\n<ul>\n<li>rambursarea costurilor eligibile suportate \u0219i pl\u0103tite efectiv<\/li>\n<li>pl\u0103\u021bi \u00een avans, cu condi\u021bia constituirii unei garan\u021bii bancare sau a unei garan\u021bii echivalente corespunz\u0103toare procentului de 100% din valoarea avansului, \u00een conformitate cu art. 45 (4) \u0219i art. 63 ale Reg. (UE) Nr. 1305\/2013, numai \u00een cazul proiectelor de investi\u021bii<\/li>\n<\/ul>\n<ol start=\"6\">\n<li><strong> Tipuri de ac\u021biuni<\/strong><\/li>\n<\/ol>\n<p>Eligibile<\/p>\n<ul>\n<li>\u00eenfiin\u021barea, extinderea \u0219i\/sau modernizarea \u0219i dotarea unit\u0103\u021bilor de procesare, inclusiv investi\u021bii privind marketingul produselor (ex: puncte de sacrificare, abatorizare, investi\u021bii \u00een etichetare produse, investi\u021bii \u00een v\u00e2nzare direct\u0103, investi\u021bii \u00een promovare online, construire website promovare produse locale, etc)<\/li>\n<li>\u00eembun\u0103t\u0103\u0163irea controlului intern al calit\u0103\u0163ii \u0219i conformarea cu noile standarde impuse de legisla\u021bia european\u0103 pentru prelucrarea \u0219i comercializarea produselor agro-alimentare (ex: avizare produse, certificare produse etc)<\/li>\n<li>construire\/modernizare\/reabilitare\/amenajare\/dotare unit\u0103\u021bi colectare \u2013 depozitare \u2013 condi\u021bionare \u2013 sortare &#8211; ambalare<\/li>\n<\/ul>\n<p>Neeligibile<\/p>\n<ul>\n<li>lista investi\u0163iilor \u015fi costurilor neeligibile indicate la cap. 8.1 din PNDR aferente LEADER, completate cu prevederile HG 226\/2015<\/li>\n<\/ul>\n<ol start=\"7\">\n<li><strong> Condi\u021bii de eligibilitate<\/strong><\/li>\n<\/ol>\n<ul>\n<li>solicitantul trebuie s\u0103 se \u00eencadreze \u00een categoria beneficiarilor eligibili<\/li>\n<li>investi\u021bia trebuie s\u0103 se realizeze pe teritoriul acoperit de GAL<\/li>\n<li>proiectele focusate pe procesare sunt condi\u021bionate de implementarea unor metode de limitare a emisiilor de GES<\/li>\n<\/ul>\n<ol start=\"8\">\n<li><strong> Criterii de selec\u021bie<\/strong><\/li>\n<\/ol>\n<ul>\n<li>principiul asociativit\u0103\u021bii: se puncteaz\u0103 suplimentar proiectele depuse de forme associative pe depozitare, procesare \u0219i comercializare<\/li>\n<li>Principiul dezvoltarii durabile: se puncteaz\u0103 suplimentar proiectele de procesare a produselor certificate eco<\/li>\n<li>se puncteaz\u0103 suplimentar proiectele pe puncte de desfacere care comercializeaz\u0103 exclusiv produse locale, de pe raza teritoriului GAL<\/li>\n<li>principiul selec\u021biei proiectelor care integreaz\u0103 aspecte legate de mediu \u015fi clim\u0103<\/li>\n<li>principiul selec\u021biei proiectelor care promoveaz\u0103 inovare sau transfer de noi procese sau tehnologii<\/li>\n<li>se puncteaz\u0103 suplimentar proiectele al c\u0103ror beneficiar are sub 40 de ani<\/li>\n<li>se vor prioritiza proiectele care prev\u0103d aprovizionarea structurilor turistice din teritoriul GAL<\/li>\n<li>se puncteaz\u0103 suplimentar solicitan\u021bii care au beneficiat de instruire\/informare \u00een cadrul M4\/1A<\/li>\n<li>se puncteaz\u0103 suplimentar solicitan\u021bii care au format o structur\u0103 asociativ\u0103 \u00een cadrul M5\/3A.<\/li>\n<\/ul>\n<ol start=\"9\">\n<li><strong> Sume (aplicabile) \u0219i rata sprijinului<\/strong><\/li>\n<\/ol>\n<p>Valoare sprijin<\/p>\n<ul>\n<li>000 euro \u00een limita aloc\u0103rii financiare totale a m\u0103surii<\/li>\n<\/ul>\n<p>Intensitate sprijin<\/p>\n<p>Pentru proiecte pe prelucrarea, comercializarea \u0219i\/sau dezvoltarea produselor agricole:<\/p>\n<ul>\n<li>50% nerambursabil pentru IMM-uri \u0219i grupuri de produc\u0103tori\/cooperative<\/li>\n<\/ul>\n<p>Intensitatea sprijinului nerambursabil se va putea majora, suplimentar, cu 20 de puncte procentuale, \u00een urmatorul caz:<\/p>\n<ul>\n<li>opera\u0163iuni sprijinite \u00een cadrul PEI<\/li>\n<\/ul>\n<p>Justificare<\/p>\n<ul>\n<li>opera\u021biunile de ameliorare a nivelului global de performan\u021b\u0103 \u0219i durabilitate al exploata\u021biilor agricole pot fi asimilate reg 1305\/2013, art 17, alin 1, lit b, motiv pentru care se respect\u0103 limitele maxime admise \u00een reg 1305\/2013, anexa II<\/li>\n<li>se vor aplica regulile de ajutor de stat<\/li>\n<\/ul>\n<ol start=\"10\">\n<li><strong> Indicatori de monitorizare<\/strong><\/li>\n<\/ol>\n<p>Indicatori obligatorii (indiferent de tipul proiectului)<\/p>\n<ul>\n<li>cheltuial\u0103 public\u0103 total\u0103: 50.000 euro<\/li>\n<li>num\u0103rul de exploata\u021bii agricole care primesc sprijin pentru participarea la sistemele de calitate, la pie\u021bele locale \u0219i la circuitele de aprovizionare scurte, precum \u0219i la grupuri\/organiza\u021bii de produc\u0103tori: 1<\/li>\n<\/ul>\n<p>Indicatori locali (func\u021bie de tipul proiectului)<\/p>\n<p>num\u0103r de locuri de munc\u0103 create: 2<\/p>\n","protected":false},"excerpt":{"rendered":"<p>Tipul m\u0103surii: \u2612 Investi\u021bii \u2610 \u00a0Servicii \u2610 \u00a0Forfetar Descrierea general\u0103 a m\u0103surii: Justificare: Produse de Origine Animal\u0103 sectorul dominant pe raza teritoriului este reprezentat de cre\u0219terea animalelor suprafe\u021be extinse de paji\u0219ti cu \u00eenalt\u0103 valoare natural\u0103, dar a c\u0103ror poten\u021bial nu este exploatat din perspectiva certific\u0103rii eco pe lan\u021bul valoric aferent filierei laptelui, verigile problematice din&#8230;<\/p>\n","protected":false},"author":1,"featured_media":0,"parent":13961,"menu_order":0,"comment_status":"closed","ping_status":"closed","template":"","meta":{"footnotes":""},"class_list":["post-22","page","type-page","status-publish","hentry"],"_links":{"self":[{"href":"https:\/\/gallidercluj.ro\/2014-2020\/wp-json\/wp\/v2\/pages\/22"}],"collection":[{"href":"https:\/\/gallidercluj.ro\/2014-2020\/wp-json\/wp\/v2\/pages"}],"about":[{"href":"https:\/\/gallidercluj.ro\/2014-2020\/wp-json\/wp\/v2\/types\/page"}],"author":[{"embeddable":true,"href":"https:\/\/gallidercluj.ro\/2014-2020\/wp-json\/wp\/v2\/users\/1"}],"replies":[{"embeddable":true,"href":"https:\/\/gallidercluj.ro\/2014-2020\/wp-json\/wp\/v2\/comments?post=22"}],"version-history":[{"count":0,"href":"https:\/\/gallidercluj.ro\/2014-2020\/wp-json\/wp\/v2\/pages\/22\/revisions"}],"up":[{"embeddable":true,"href":"https:\/\/gallidercluj.ro\/2014-2020\/wp-json\/wp\/v2\/pages\/13961"}],"wp:attachment":[{"href":"https:\/\/gallidercluj.ro\/2014-2020\/wp-json\/wp\/v2\/media?parent=22"}],"curies":[{"name":"wp","href":"https:\/\/api.w.org\/{rel}","templated":true}]}}