{"id":19,"date":"2017-03-16T17:00:50","date_gmt":"2017-03-16T17:00:50","guid":{"rendered":"https:\/\/gallidercluj.ro\/2014-2020\/?page_id=19"},"modified":"2017-03-16T17:00:50","modified_gmt":"2017-03-16T17:00:50","slug":"m62a-lanturi-valorice","status":"publish","type":"page","link":"https:\/\/gallidercluj.ro\/2014-2020\/masuri\/m62a-lanturi-valorice\/","title":{"rendered":"M6\/2A &#8211; Lan\u021buri valorice"},"content":{"rendered":"<p>Tipul m\u0103surii:<\/p>\n<p>\u2612 Investi\u021bii<\/p>\n<p>\u2610 Servicii<\/p>\n<p>\u2610 Forfetar<\/p>\n<ol>\n<li><strong> Descrierea general\u0103 a m\u0103surii:<\/strong><\/li>\n<\/ol>\n<p>Justificare:<\/p>\n<p>Produse de Origine Animal\u0103<\/p>\n<ul>\n<li>sectorul dominant pe raza teritoriului este reprezentat de cre\u0219terea animalelor;<\/li>\n<li>de\u021binem suprafe\u021be extinse de p\u0103\u0219uni \u0219i f\u00e2ne\u021be, dar a c\u0103ror productivitate este sc\u0103zut\u0103 datorit\u0103 calit\u0103\u021bii solului, supra\u00eenc\u0103rc\u0103rii, \u00eemp\u0103duririi, respectiv lipsei lucr\u0103rilor de \u00eentre\u0163inere \u0219i ameliorare \u2013 \u00eengreunate substan\u021bial de pantele pronun\u021bate;<\/li>\n<li>de\u021binem efective mari de bovine \u0219i ovine, dar a c\u0103ror productivitate este sc\u0103zut\u0103 datorit\u0103 calit\u0103\u021bii inferioare a furajelor locale, a calit\u0103\u021bii inferioare a materialului genetic, respectiv a lipsei preocup\u0103rii pentru bun\u0103starea animalelor;<\/li>\n<li>pe lan\u021bul valoric aferent filierei laptelui, verigile problematice din segmentul de produc\u021bie sunt reprezentate de management ape, management p\u0103\u0219uni, management de\u0219euri, cultivare furaj, bun\u0103stare animale, \u00eenmul\u021bire animale, vindecare animale;<\/li>\n<li>pe lan\u021bul valoric aferent filierei c\u0103rnii, verigile problematice din segmentul de produc\u021bie sunt reprezentate de management apel, management p\u0103\u0219uni, management de\u0219euri, cultivare furaje, bun\u0103stare animale, \u00eenmul\u021bire animale, vindecare animale.<\/li>\n<\/ul>\n<p>Produse de Origine Non-Animal\u0103<\/p>\n<ul>\n<li>sectoarele secundare dar complementare pe raza teritoriului sunt reprezentate de cultivarea vegetalelor, exploatarea forestier\u0103 \u0219i flora spontan\u0103;<\/li>\n<li>de\u021binem suprafe\u021be extinse de teren arabil, dar a c\u0103ror productivitate este sc\u0103zut\u0103 datorit\u0103 condi\u021biilor climatice, calit\u0103\u021bii solului, respectiv a lipsei strategiilor de compensare (ex spa\u021bii protejate, sisteme irigare);<\/li>\n<li>pe lan\u021bul valoric cultivare vegetale, verigile problematice din segmentul de produc\u021bie sunt reprezentate de plantare semin\u021be, plantare r\u0103saduri, fertilizare, pesticizare, erbicidare;<\/li>\n<li>pe lan\u021bul valoric cultivare vegetale, verigile absente din segmentul de procesare \u0219i comercializare sunt reprezentate de management de\u0219euri, irigare, protejare<\/li>\n<li>de\u021binem suprafe\u021be extinse de fond forestier, dar a c\u0103ror productivitate este sc\u0103zut\u0103 datorit\u0103 managementului deficitar (ex utilaje cu randament sc\u0103zut dar cu impact masiv asupra mediului, exploatare excesiv\u0103, exploatare ilicit\u0103);<\/li>\n<li>pe lan\u021bul valoric exploatare forestier\u0103, verigile problematice din segmentul de produc\u021bie sunt reprezentate de certificare management forestier.<\/li>\n<\/ul>\n<p>Contribu\u021bie:<\/p>\n<p>Priorit\u0103\u021bi locale (conform analizei diagnostice \u0219i analizei SWOT)<\/p>\n<ul>\n<li>stimularea dezvolt\u0103rii economice \u015fi \u00a0cre\u0219terea competitivit\u0103\u021bii rurale<\/li>\n<\/ul>\n<p>Obiective locale (conform analizei diagnostice \u0219i analizei SWOT)<\/p>\n<ul>\n<li>gestionarea corespunz\u0103toare \u0219i durabil\u0103 a p\u0103durilor;<\/li>\n<li>gestionarea corespunz\u0103toare \u0219i durabil\u0103 a terenurilor arabile;<\/li>\n<li>gestionarea corespunz\u0103toare \u0219i durabil\u0103 a p\u0103\u0219unilor \u0219i f\u00e2ne\u021belor;<\/li>\n<li>gestionarea corespunz\u0103toare \u0219i durabil\u0103 a animalelor;<\/li>\n<li>diversificarea produselor primare de origine animal\u0103 \u0219i non-animal\u0103;<\/li>\n<li>cre\u0219terea cantit\u0103\u021bii produselor primare de origine animal\u0103 \u0219i non-animal\u0103;<\/li>\n<li>cre\u0219terea calit\u0103\u021bii produselor primare de origine animal\u0103 \u0219i non-animal\u0103;<\/li>\n<li>accesibilizarea produselor primare de origine non-animal\u0103, \u00een extrasezon;<\/li>\n<li>practicarea unei agriculturi care s\u0103 favorizeze biodiversitatea \u0219i s\u0103 conserve mediul.<\/li>\n<\/ul>\n<p>Obiective de dezvoltare rural\u0103 (conform reg ue 1305\/2013, art 4)<\/p>\n<ul>\n<li>favorizarea competitivit\u0103\u021bii agriculturii<\/li>\n<\/ul>\n<p>Priorit\u0103\u021bi de dezvoltare rural\u0103 (conform reg ue 1305\/2013, art 5)<\/p>\n<ul>\n<li>cre\u0219terea viabilit\u0103\u021bii exploata\u021biilor \u0219i a competitivit\u0103\u021bii tuturor tipurilor de agricultur\u0103 \u00een toate regiunile \u0219i promovarea tehnologiilor agricole inovatoare \u0219i a gestion\u0103rii durabile a p\u0103durilor<\/li>\n<\/ul>\n<p>Domenii de interven\u021bie (reg ue 1305\/2013, art 5)<\/p>\n<ul>\n<li>\u00eembun\u0103t\u0103\u021birea performan\u021bei economice a tuturor exploata\u021biilor agricole \u0219i facilitarea restructur\u0103rii \u0219i moderniz\u0103rii exploata\u021biilor, \u00een special \u00een vederea cre\u0219terii particip\u0103rii pe pia\u021b\u0103 \u0219i a orient\u0103rii spre pia\u021b\u0103, precum \u0219i a diversific\u0103rii activit\u0103\u021bilor agricole<\/li>\n<\/ul>\n<p>Obiective (conform reg ue 1305\/2013, titlu III, art 17, alin 1)<\/p>\n<ul>\n<li>amelioreaz\u0103 nivelul global de performan\u021b\u0103 \u0219i de durabilitate al exploata\u021biei agricole<\/li>\n<li>vizeaz\u0103 infrastructura necesar\u0103 pentru dezvoltarea, modernizarea sau adaptarea agriculturii \u0219i a silviculturii, inclusiv accesul la suprafe\u021bele agricole \u0219i forestiere, consolidarea \u0219i ameliorarea terenurilor, \u0219i furnizarea \u0219i economisirea energiei \u0219i a ape<\/li>\n<\/ul>\n<p>Obiective transversale (conform reg ue 1305\/2013, art 5)<\/p>\n<ul>\n<li>mediu \u015fi clim\u0103<\/li>\n<li>inovare<\/li>\n<\/ul>\n<p>Complementaritate cu alte m\u0103suri din SDL:<\/p>\n<p>beneficiarii indirec\u021bi ai M4 se num\u0103r\u0103 printre beneficiarii direc\u021bi ai acestei m\u0103suri (ex: fermierii care beneficiaz\u0103 de informa\u021bii cu privire la modalit\u0103\u021bile de gestionare a b\u0103legarului \u0219i purinului pot s\u0103 acceseze ulterior fonduri pe construirea de platforme colectoare a b\u0103legarului \u0219i de bazine colectoare a purinului)Sinergie cu alte m\u0103suri din SDL:<\/p>\n<ul>\n<li>nu este cazul<\/li>\n<\/ul>\n<ol start=\"2\">\n<li><strong> Valoarea ad\u0103ugat\u0103 a m\u0103surii<\/strong><\/li>\n<\/ol>\n<ul>\n<li>Competitivitatea pe segmentul produc\u021bie, fie c\u0103 vorbim de produse agricole de origine animal\u0103 sau non-animal\u0103, este compromis\u0103 dac\u0103 lan\u021bul valoric con\u021bine verigi problematice. \u00cen acest sens, adresarea acestor verigi problematice va propulsa sectorul agricol de pe raza teritoriului.<\/li>\n<\/ul>\n<ol start=\"3\">\n<li><strong> Trimiteri la alte acte legislative<\/strong><\/li>\n<\/ol>\n<ul>\n<li>indiferent de tipul de proiect: Reg. (UE) Nr. 1303\/2013; Reg. (UE) Nr. 1305\/2013; Reg. (UE) Nr. 1407\/2014; Hot\u0103r\u00e2rea 226\/2015<\/li>\n<li>pentru proiecte focusate pe gestionarea corespunz\u0103toare \u0219i durabil\u0103 a p\u0103\u0219unilor \u0219i f\u00e2ne\u021belor: hot\u0103r\u00e2re 1064\/2013, ordonan\u021b\u0103 34\/2013, ordonan\u021b\u0103 15\/2015<\/li>\n<li>pentru proiecte focusate pe gestionarea corespunz\u0103toare \u0219i durabil\u0103 a animalelor: lege 205\/2004, ordin 13\/2008, ordin 20\/2012, ordin 30\/2010, ordin 42\/2010, ordin 57\/2012, ordin 63\/2012, ordin 72\/2005, ordin 75\/2005, ordin 83\/2006, ordin 136\/2006, ordonan\u021b\u0103 47\/2005<\/li>\n<li>proiecte focusate pe semin\u021be: lege 266\/2002<\/li>\n<li>proiecte focusate pe soiuri tradi\u021bionale \u0219i\/sau amenin\u021bate de eroziune genetic\u0103: ordin 335\/2009, ordin 123\/2010<\/li>\n<li>proiecte focusate pe flor\u0103 spontan\u0103: lege 491\/2003, lege 30\/2006, ordin 410\/2008<\/li>\n<li>proiecte focusate pe fond forestier: lege 289\/2002, lege 46\/2008, lege 76\/2013, lege 133\/2015<\/li>\n<\/ul>\n<ol start=\"4\">\n<li><strong> Beneficiari<\/strong><\/li>\n<\/ol>\n<p>Direc\u021bi<\/p>\n<ul>\n<li>fermieri<\/li>\n<li>grupuri de fermieri<\/li>\n<\/ul>\n<p>Indirec\u021bi<\/p>\n<ul>\n<li>reprezentan\u021bi ai sectorului turism, prin accesibilizarea de produse primare locale pentru unit\u0103\u021bi de cazare \u0219i structuri de alimenta\u021bie<\/li>\n<\/ul>\n<ol start=\"5\">\n<li><strong> Tip de sprijin<\/strong><\/li>\n<\/ol>\n<ul>\n<li>rambursarea costurilor eligibile suportate \u0219i pl\u0103tite efectiv<\/li>\n<li>pl\u0103\u021bi \u00een avans, cu condi\u021bia constituirii unei garan\u021bii bancare sau a unei garan\u021bii echivalente corespunz\u0103toare procentului de 100% din valoarea avansului, \u00een conformitate cu art. 45 (4) \u0219i art. 63 ale Reg. (UE) Nr. 1305\/2013, numai \u00een cazul proiectelor de investi\u021bii<\/li>\n<\/ul>\n<ol start=\"6\">\n<li><strong> Tipuri de ac\u021biuni<\/strong><\/li>\n<\/ol>\n<p>Eligibile<\/p>\n<p>Produse de Origine Animal\u0103investi\u021bii corporale:<\/p>\n<ul>\n<li>\u00eenfiin\u021barea, extinderea \u015fi\/sau modernizarea fermelor zootehnice (\u00eenfiin\u021bare parc utilaje, \u00eemprejmuire \u0219i fragmentare p\u0103\u0219uni (pentru utilizare ra\u021bional\u0103 a paji\u0219tilor), creare zone tampon p\u0103\u0219uni eco, creare zone tampon cursuri ap\u0103, forajare ap\u0103 ad\u0103p\u0103tori p\u0103\u0219uni, achizi\u021bie vehicule transport animale, construire puncte mont\u0103, construire zone carantin\u0103, construire \/ modernizare \/ reabilitare \/ amenajare \u015fi dotare ad\u0103posturi, construire \/ modernizare \/ reabilitare \/ amenajare \u015fi dotare facilit\u0103\u021bi de stocare a apei la nivel de ferm\u0103 (doar ca \u0219i component\u0103 secundar\u0103), construire \/ modernizare \/ reabilitare \/ amenajare \u015fi dotare unit\u0103\u021bi producere \u0219i sisteme utilizare energie din resurse regenerabile (doar ca \u0219i component\u0103 secundar\u0103), construire platforme de\u0219euri animale, construire platforme le\u0219uri animale, etc)<\/li>\n<li>investi\u021bii necorporale: achizi\u021bionarea sau dezvoltarea de software \u0219i achizi\u021bionarea de brevete, licen\u021be<\/li>\n<\/ul>\n<p>Produse de Origine Non-Animal\u0103<\/p>\n<ul>\n<li>investi\u021bii \u00een \u00eenfiin\u021barea, extinderea \u015fi\/sau modernizarea fermelor vegetale, inclusiv capacit\u0103\u021bi de stocare, condi\u021bionare, sortare, ambalare a produc\u021biei vegetale pentru cre\u0219terea valorii ad\u0103ugate a produselor (ex: achizi\u021bie utilaje cur\u0103\u021bare terenuri agricole care nu mai sunt exploatate pentru produc\u0163ie, pentru a preveni sau elimina p\u00e2rloaga, achizi\u021bie utilaje distribu\u021bie \u00eengr\u0103\u015f\u0103minte chimice\/organice, pentru dozarea c\u00e2t mai constant\u0103 \u015fi distribuirea c\u00e2t mai uniform, creare zone tampon culturi eco, construire platforme compostare de\u0219euri vegetale, plantare perdele agroforestiere etc)<\/li>\n<\/ul>\n<p>Neeligibile<\/p>\n<ul>\n<li>lista investi\u0163iilor \u015fi costurilor neeligibile indicate la cap. 8.1 din PNDR aferente LEADER, completate cu prevederile HG 226\/2015<\/li>\n<\/ul>\n<p>Produse de Origine Animal\u0103<\/p>\n<ul>\n<li>achizi\u021bie animale<\/li>\n<\/ul>\n<p>Produse de Origine Non-Animal\u0103<\/p>\n<ul>\n<li>achizi\u021bie plante anuale<\/li>\n<li>plantare specii invazive<\/li>\n<\/ul>\n<ol start=\"7\">\n<li><strong> Condi\u021bii de eligibilitate<\/strong><\/li>\n<\/ol>\n<ul>\n<li>solicitantul trebuie s\u0103 se \u00eencadreze \u00een categoria beneficiarilor eligibili<\/li>\n<li>investi\u021bia trebuie s\u0103 se realizeze pe teritoriul acoperit de GAL<\/li>\n<li>ferme av\u00e2nd dimensiunea economic\u0103 p\u00e2n\u0103 la 500.000 SO<\/li>\n<\/ul>\n<ol start=\"8\">\n<li><strong> Criterii de selec\u021bie<\/strong><\/li>\n<\/ol>\n<ul>\n<li>principiul selec\u021biei proiectelor care integreaz\u0103 aspecte legate de mediu \u015fi clim\u0103 (ex: conservarea paji\u0219tilor cu \u00eenalt\u0103 valoare natural\u0103 etc)<\/li>\n<li>principiul selec\u021biei proiectelor care promoveaz\u0103 inovare sau transfer de noi procese sau tehnologii<\/li>\n<li>se puncteaz\u0103 suplimentar solicitan\u021bii care de\u021bin rase locale \u00een pericol de abandon<\/li>\n<li>se puncteaz\u0103 suplimentar proiectele al c\u0103ror beneficiari \u00ee\u0219i iau angajament pentru conservarea raselor locale de animale<\/li>\n<li>se puncteaz\u0103 suplimentar proiectele al c\u0103ror beneficiari au sub 40 de ani<\/li>\n<li>principiul multifunc\u021bionalit\u0103\u021bii agriculturii<\/li>\n<li>se vor prioritiza proiectele care prev\u0103d aprovizionarea structurilor turistice din teritoriul GAL<\/li>\n<li>se puncteaz\u0103 suplimentar solicitan\u021bii care au beneficiat de instruire\/informare \u00een cadrul M4\/1A<\/li>\n<li>se puncteaz\u0103 suplimentar solicitan\u021bii care au format o structur\u0103 asociativ\u0103 \u00een cadrul M5\/3A.<\/li>\n<\/ul>\n<ol start=\"9\">\n<li><strong> Sume (aplicabile) \u0219i rata sprijinului<\/strong><\/li>\n<\/ol>\n<p>Valoare sprijin<\/p>\n<ul>\n<li>maxim 75.000 euro \u00een limita aloc\u0103rii financiare totale a m\u0103surii<\/li>\n<\/ul>\n<p>Intensitate sprijin<\/p>\n<ul>\n<li>50% nerambursabil<\/li>\n<\/ul>\n<p>Intensitatea sprijinului nerambursabil se va putea majora cu 20 puncte procentuale suplimentare, dar rata sprijinului combinat nu poate dep\u0103\u0219i 90% \u00een cazul fermelor mici \u0219i medii (cu dimensiunea p\u00e2n\u0103 la 250.000 SO), respectiv 70% \u00een cazul fermelor av\u00e2nd \u00eentre 250.000 \u0219i 500.000 SO, \u00een cazul:<\/p>\n<ul>\n<li>investi\u0163iilor realizate de tinerii fermieri, cu v\u00e2rsta sub 40 de ani, la data depunerii cererii de finan\u0163are (a\u0219a cum sunt defini\u021bi la art. 2 al R (UE) Nr. 1305\/2013 sau cei care s-au stabilit \u00een cei cinci ani anteriori solicit\u0103rii sprijinului, \u00een conformitate cu anexa II a R 1305)<\/li>\n<li>proiectelor integrate<\/li>\n<li>opera\u021biunilor sprijinite \u00een cadrul PEI<\/li>\n<li>investi\u021biilor legate de opera\u021biunile prev\u0103zute la art. 28 (Agromediu) \u0219i art. 29 (agricultura ecologic\u0103) din R(UE) Nr. 1305\/2013<\/li>\n<li>investi\u021bii \u00een zone care se confrunt\u0103 cu constr\u00e2ngeri naturale \u0219i cu alte constr\u00e2ngeri specifice, men\u021bionate la art. 32 R(UE) Nr. 1305\/2013<\/li>\n<\/ul>\n<p>Justificare<\/p>\n<ul>\n<li>opera\u021biunile de ameliorare a nivelului global de performan\u021b\u0103 \u0219i durabilitate al exploata\u021biilor agricole pot fi asimilate reg 1305\/2013, art 17, alin 1, lit a, motiv pentru care se respect\u0103 limitele maxime admise \u00een reg 1305\/2013, anexa II<\/li>\n<li>opera\u021biunile pe infrastructura necesar\u0103 pentru dezvoltarea, modernizarea sau adaptarea agriculturii \u0219i silviculturii pot fi asimilate reg 1305\/2013, art 17, alin 1, lit c, motiv pentru care se respect\u0103 limitele maxime admise \u00een reg 1305\/2013, anexa II<\/li>\n<li>se vor aplica regulile de ajutor de stat \u00een vigoare<\/li>\n<\/ul>\n<ol start=\"10\">\n<li><strong> Indicatori de monitorizare<\/strong><\/li>\n<\/ol>\n<p>Indicatori obligatorii (indiferent de tipul proiectului)<\/p>\n<ul>\n<li>cheltuial\u0103 public\u0103 total\u0103: 50.000 euro<\/li>\n<li>num\u0103rul de beneficiari sprijini\u021bi: 1<\/li>\n<\/ul>\n<p>Indicatori locali (func\u021bie de tipul proiectului)<\/p>\n<p>num\u0103r de locuri de munc\u0103 create: 2<\/p>\n","protected":false},"excerpt":{"rendered":"<p>Tipul m\u0103surii: \u2612 Investi\u021bii \u2610 Servicii \u2610 Forfetar Descrierea general\u0103 a m\u0103surii: Justificare: Produse de Origine Animal\u0103 sectorul dominant pe raza teritoriului este reprezentat de cre\u0219terea animalelor; de\u021binem suprafe\u021be extinse de p\u0103\u0219uni \u0219i f\u00e2ne\u021be, dar a c\u0103ror productivitate este sc\u0103zut\u0103 datorit\u0103 calit\u0103\u021bii solului, supra\u00eenc\u0103rc\u0103rii, \u00eemp\u0103duririi, respectiv lipsei lucr\u0103rilor de \u00eentre\u0163inere \u0219i ameliorare \u2013 \u00eengreunate substan\u021bial&#8230;<\/p>\n","protected":false},"author":1,"featured_media":0,"parent":13961,"menu_order":0,"comment_status":"closed","ping_status":"closed","template":"","meta":{"footnotes":""},"class_list":["post-19","page","type-page","status-publish","hentry"],"_links":{"self":[{"href":"https:\/\/gallidercluj.ro\/2014-2020\/wp-json\/wp\/v2\/pages\/19"}],"collection":[{"href":"https:\/\/gallidercluj.ro\/2014-2020\/wp-json\/wp\/v2\/pages"}],"about":[{"href":"https:\/\/gallidercluj.ro\/2014-2020\/wp-json\/wp\/v2\/types\/page"}],"author":[{"embeddable":true,"href":"https:\/\/gallidercluj.ro\/2014-2020\/wp-json\/wp\/v2\/users\/1"}],"replies":[{"embeddable":true,"href":"https:\/\/gallidercluj.ro\/2014-2020\/wp-json\/wp\/v2\/comments?post=19"}],"version-history":[{"count":0,"href":"https:\/\/gallidercluj.ro\/2014-2020\/wp-json\/wp\/v2\/pages\/19\/revisions"}],"up":[{"embeddable":true,"href":"https:\/\/gallidercluj.ro\/2014-2020\/wp-json\/wp\/v2\/pages\/13961"}],"wp:attachment":[{"href":"https:\/\/gallidercluj.ro\/2014-2020\/wp-json\/wp\/v2\/media?parent=19"}],"curies":[{"name":"wp","href":"https:\/\/api.w.org\/{rel}","templated":true}]}}