{"id":14,"date":"2017-03-16T16:41:27","date_gmt":"2017-03-16T16:41:27","guid":{"rendered":"https:\/\/gallidercluj.ro\/2014-2020\/?page_id=14"},"modified":"2017-03-16T16:41:27","modified_gmt":"2017-03-16T16:41:27","slug":"m41a-transfer-cunostinte","status":"publish","type":"page","link":"https:\/\/gallidercluj.ro\/2014-2020\/masuri\/m41a-transfer-cunostinte\/","title":{"rendered":"M4\/1A &#8211; Transferarea cuno\u0219tin\u021belor \u00een sectorul agricol \u0219i forestier"},"content":{"rendered":"<p>Tipul m\u0103surii:<\/p>\n<p>\u2610 Investi\u021bii<\/p>\n<p>\u2612 Servicii<\/p>\n<p>\u2610 Forfetar<\/p>\n<ol>\n<li><strong> Descrierea general\u0103 a m\u0103surii:<\/strong><\/li>\n<\/ol>\n<p>Justificare:<\/p>\n<ul>\n<li>popula\u021bia este \u00eemb\u0103tr\u00e2nit\u0103;<\/li>\n<li>popula\u021bia este dep\u0103\u0219it\u0103 de prevederile regulamentelor comunitare, prevederile normelor na\u021bionale, precum \u0219i de tendin\u021bele actuale \u0219i practicile moderne \u00een practicarea agriculturii \u0219i silviculturii;<\/li>\n<li>popula\u021bia este reticent\u0103 fa\u021b\u0103 de tranzi\u021bia c\u0103tre agricultura ecologic\u0103 \u0219i fa\u021b\u0103 de tranzi\u021bia c\u0103tre produsul ni\u0219at;<\/li>\n<li>lipsa culturii antreprenoriale;<\/li>\n<li>lipsa capacit\u0103\u021bii manageriale;<\/li>\n<li>lipsa orient\u0103rii spre pia\u021b\u0103;<\/li>\n<\/ul>\n<p>Contribu\u021bie:<\/p>\n<p>Priorit\u0103\u021bi locale (conform analizei diagnostice \u0219i analizei SWOT)<\/p>\n<ul>\n<li>stimularea dezvolt\u0103rii economice \u015fi \u00a0cre\u0219terea competitivit\u0103\u021bii rurale<\/li>\n<\/ul>\n<p>Obiective locale (conform analizei diagnostice \u0219i analizei SWOT)<\/p>\n<ul>\n<li>\u00eembun\u0103t\u0103\u0163irea competen\u0163elor fermierilor \u00een termeni de practici durabile<\/li>\n<li>\u00eembun\u0103t\u0103\u0163irea competen\u0163elor forestierilor \u00een termeni de practici durabile<\/li>\n<\/ul>\n<p>Obiective de dezvoltare rural\u0103 (conform reg ue 1305\/2013, art 4)<\/p>\n<ul>\n<li>favorizarea competitivit\u0103\u021bii agriculturii<\/li>\n<\/ul>\n<p>Priorit\u0103\u021bi de dezvoltare rural\u0103 (conform reg ue 1305\/2013, art 5)<\/p>\n<ul>\n<li>\u00eencurajarea transferului de cuno\u0219tin\u021be \u0219i a inov\u0103rii \u00een agricultur\u0103, \u00een silvicultur\u0103 \u0219i \u00een zonele rurale<\/li>\n<\/ul>\n<p>Domenii de interven\u021bie (reg ue 1305\/2013, art 5)<\/p>\n<ul>\n<li>\u00eencurajarea inov\u0103rii, a cooper\u0103rii \u0219i a cre\u0103rii unei baze de cuno\u0219tin\u021be \u00een zonele rurale<\/li>\n<\/ul>\n<p>Obiective (conform reg ue 1305\/2013, titlu III, art 14, alin 1)<\/p>\n<ul>\n<li>sprijin pentru ac\u021biuni de formare profesional\u0103 \u0219i de dob\u00e2ndire de competen\u021be, activit\u0103\u021bi demonstrative \u0219i ac\u021biuni de informare<\/li>\n<\/ul>\n<p>Obiective transversale (conform reg ue 1305\/2013, art 5)<\/p>\n<ul>\n<li>mediu \u015fi clim\u0103<\/li>\n<li>inovare<\/li>\n<\/ul>\n<p>Complementaritate cu alte m\u0103suri din SDL:<\/p>\n<ul>\n<li>beneficiarii direc\u021bi ai M6 se num\u0103r\u0103 printre beneficiarii indirec\u021bi ai acestei m\u0103suri (ex: fermierii care beneficiaz\u0103 de informa\u021bii cu privire la modalit\u0103\u021bile de gestionare a b\u0103legarului \u0219i purinului pot s\u0103 acceseze ulterior fonduri pe construirea de platforme colectoare a b\u0103legarului \u0219i de bazine colectoare a purinului);<\/li>\n<li>beneficiarii direc\u021bi ai M7 se num\u0103r\u0103 printre beneficiarii indirec\u021bi ai acestei m\u0103suri (ex: fermierii care beneficiaz\u0103 de informa\u021bii cu privire la tehnologiile eco-eficiente de procesare a c\u0103rnii pot s\u0103 acceseze ulterior fonduri pe dotarea de unit\u0103\u021bi de procesare);<\/li>\n<li>beneficiarii direc\u021bi ai M8 se num\u0103r\u0103 printre beneficiarii indirec\u021bi ai acestei m\u0103suri (ex: forestierii care beneficiaz\u0103 de informa\u021bii cu privire la tehnologiile eco-eficiente de prelucrare a lemnului post s\u0103 acceseze ulterior fonduri pe dotarea de ateliere de prelucrare).<\/li>\n<\/ul>\n<p>Sinergie cu alte m\u0103suri din SDL:<\/p>\n<ul>\n<li>nu este cazul<\/li>\n<\/ul>\n<ol start=\"2\">\n<li><strong> Valoarea ad\u0103ugat\u0103 a m\u0103surii<\/strong><\/li>\n<\/ol>\n<p>Prin tematicile abordate \u00een cadrul proiectelor, m\u0103sura contribuie la diseminarea unor practici agricole durabile \u0219i\/sau inovatoare \u0219i practici forestiere durabile \u0219i\/sau inovatoare &#8211; cu implica\u021bii majore la nivelul competitivit\u0103\u021bii celor dou\u0103 sectoare.<\/p>\n<ol start=\"3\">\n<li><strong> Trimiteri la alte acte legislative<\/strong><\/li>\n<\/ol>\n<ul>\n<li>indiferent de tipul de proiect: Reg. (UE) Nr. 1303\/2013; Reg. (UE) Nr. 1305\/2013; Reg. (UE) Nr. 1407\/2014; Hot\u0103r\u00e2rea 226\/2015<\/li>\n<\/ul>\n<ol start=\"4\">\n<li>Beneficiari<\/li>\n<\/ol>\n<p>Direc\u021bi<\/p>\n<ul>\n<li>societate civil\u0103<\/li>\n<li>entit\u0103\u021bi publice<\/li>\n<li>entit\u0103\u021bi private<\/li>\n<\/ul>\n<p>Indirec\u021bi<\/p>\n<ul>\n<li>indivizi angaja\u021bi \u00een sectorul agricol<\/li>\n<li>indivizi angaja\u021bi \u00een sectorul forestier<\/li>\n<li>indivizi care de\u021bin \u0219i\/sau gestioneaz\u0103 terenuri<\/li>\n<li>actori economici relevan\u021bi<\/li>\n<\/ul>\n<ol start=\"5\">\n<li><strong> Tip de sprijin<\/strong><\/li>\n<\/ol>\n<ul>\n<li>rambursarea costurilor eligibile suportate \u0219i pl\u0103tite efectiv<\/li>\n<li>pl\u0103\u021bi \u00een avans, cu condi\u021bia constituirii unei garan\u021bii bancare sau a unei garan\u021bii echivalente corespunz\u0103toare procentului de 100% din valoarea avansului, \u00een conformitate cu art. 45 (4) \u0219i art. 63 ale Reg. (UE) Nr. 1305\/2013, numai \u00een cazul proiectelor de investi\u021bii<\/li>\n<\/ul>\n<ol start=\"6\">\n<li><strong> Tipuri de ac\u021biuni<\/strong><\/li>\n<\/ol>\n<p>Eligibile<\/p>\n<p>Servicii aferente organiz\u0103rii de:<\/p>\n<ul>\n<li>ac\u0163iuni de informare a reprezentan\u021bilor sectorului agricol \u015fi\/sau forestier<\/li>\n<li>ateliere de lucru<\/li>\n<li>sesiuni de coaching<\/li>\n<li>activit\u0103\u021bi demonstrative<\/li>\n<li>caravane de diseminare a informa\u021biilor privind practici agricole durabile \u0219i\/sau inovatoare \u0219i practici forestiere durabile \u0219i\/sau inovatoare<\/li>\n<\/ul>\n<p>Neeligibile<\/p>\n<ul>\n<li>cursurile de formare care fac parte din programele sau sistemele normale de \u00eenv\u0103\u021b\u0103m\u00e2nt de nivel secundar sau superior<\/li>\n<li>cursurile de formare profesional\u0103 de scurt\u0103 durat\u0103, fie ele de formare, de ini\u021biere sau de perfec\u021bionare<\/li>\n<\/ul>\n<ol start=\"7\">\n<li><strong> Condi\u021bii de eligibilitate<\/strong><\/li>\n<\/ol>\n<ul>\n<li>solicitantul trebuie s\u0103 se \u00eencadreze \u00een categoria beneficiarilor eligibili<\/li>\n<li>serviciile s\u0103 se realizeze \u00een spa\u021biul rural \u015fi pe teritoriul acoperit de SDL sau pentru ac\u021biuni realizate \u00een afara teritoriului GAL, dac\u0103 beneficiul sprijinului se adreseaz\u0103 popula\u021biei din teritoriul GAL;<\/li>\n<li>participarea \u00een cadrul ac\u021biunilor de transfer a cuno\u0219tin\u021belor \u00een sectorul agricol \u0219i forestier este gratuit\u0103 pentru beneficiarii indirec\u021bi<\/li>\n<li>ac\u021biunile eligibile se realizeaz\u0103 \u00een domeniile specifice teritoriului.<\/li>\n<\/ul>\n<ol start=\"8\">\n<li><strong> Criterii de selec\u021bie<\/strong><\/li>\n<\/ol>\n<ul>\n<li>principiul selec\u021biei proiectelor care integreaz\u0103 aspecte legate de mediu \u015fi clim\u0103<\/li>\n<li>principiul selec\u021biei proiectelor care promoveaz\u0103 inovare sau transfer de noi procese sau tehnologii<\/li>\n<li>principiul selec\u021biei proiectelor care au ca beneficiari indirec\u021bi beneficiari sau poten\u021biali beneficiari ai m\u0103surilor M6, M7 \u0219i M8.<\/li>\n<\/ul>\n<ol start=\"9\">\n<li><strong> Sume (aplicabile) \u0219i rata sprijinului<\/strong><\/li>\n<\/ol>\n<p>Valoare sprijin<\/p>\n<ul>\n<li>max 45.000 euro \u00een limita aloc\u0103rii financiare totale a m\u0103surii<\/li>\n<\/ul>\n<p>Intensitate sprijin<\/p>\n<ul>\n<li>100% nerambursabil<\/li>\n<\/ul>\n<p>Justificare<\/p>\n<ul>\n<li>de\u0219i opera\u021biunile pot fi asimilate reg 1305\/2013, art 14, alin 1 nu sunt trasate limite maxime admise \u00een reg 1305\/2013, anexa II<\/li>\n<li>se vor aplica regulile de ajutor de minimis \u00een vigoare (conform reg 1407\/2013)<\/li>\n<\/ul>\n<ol start=\"10\">\n<li><strong> Indicatori de monitorizare<\/strong><\/li>\n<\/ol>\n<p>Indicatori obligatorii (indiferent de tipul proiectului)<\/p>\n<ul>\n<li>cheltuielile publice totale: 25.000 euro<\/li>\n<li>num\u0103r indivizi instrui\u021bi\/informa\u021bi: 200<\/li>\n<\/ul>\n<p>Indicatori locali (func\u021bie de tipul proiectului)<\/p>\n<p>num\u0103r locuri de munc\u0103 create: 0<\/p>\n","protected":false},"excerpt":{"rendered":"<p>Tipul m\u0103surii: \u2610 Investi\u021bii \u2612 Servicii \u2610 Forfetar Descrierea general\u0103 a m\u0103surii: Justificare: popula\u021bia este \u00eemb\u0103tr\u00e2nit\u0103; popula\u021bia este dep\u0103\u0219it\u0103 de prevederile regulamentelor comunitare, prevederile normelor na\u021bionale, precum \u0219i de tendin\u021bele actuale \u0219i practicile moderne \u00een practicarea agriculturii \u0219i silviculturii; popula\u021bia este reticent\u0103 fa\u021b\u0103 de tranzi\u021bia c\u0103tre agricultura ecologic\u0103 \u0219i fa\u021b\u0103 de tranzi\u021bia c\u0103tre produsul ni\u0219at;&#8230;<\/p>\n","protected":false},"author":1,"featured_media":0,"parent":13961,"menu_order":0,"comment_status":"closed","ping_status":"closed","template":"","meta":{"footnotes":""},"class_list":["post-14","page","type-page","status-publish","hentry"],"_links":{"self":[{"href":"https:\/\/gallidercluj.ro\/2014-2020\/wp-json\/wp\/v2\/pages\/14"}],"collection":[{"href":"https:\/\/gallidercluj.ro\/2014-2020\/wp-json\/wp\/v2\/pages"}],"about":[{"href":"https:\/\/gallidercluj.ro\/2014-2020\/wp-json\/wp\/v2\/types\/page"}],"author":[{"embeddable":true,"href":"https:\/\/gallidercluj.ro\/2014-2020\/wp-json\/wp\/v2\/users\/1"}],"replies":[{"embeddable":true,"href":"https:\/\/gallidercluj.ro\/2014-2020\/wp-json\/wp\/v2\/comments?post=14"}],"version-history":[{"count":0,"href":"https:\/\/gallidercluj.ro\/2014-2020\/wp-json\/wp\/v2\/pages\/14\/revisions"}],"up":[{"embeddable":true,"href":"https:\/\/gallidercluj.ro\/2014-2020\/wp-json\/wp\/v2\/pages\/13961"}],"wp:attachment":[{"href":"https:\/\/gallidercluj.ro\/2014-2020\/wp-json\/wp\/v2\/media?parent=14"}],"curies":[{"name":"wp","href":"https:\/\/api.w.org\/{rel}","templated":true}]}}